{"id":18,"date":"2021-08-02T21:45:30","date_gmt":"2021-08-02T21:45:30","guid":{"rendered":"https:\/\/weiss.int.sf.loc\/?page_id=18"},"modified":"2026-04-21T08:54:50","modified_gmt":"2026-04-21T07:54:50","slug":"gruppenreisen","status":"publish","type":"page","link":"https:\/\/weiss-busreisen.at\/de\/gruppenreisen\/","title":{"rendered":"Gruppenreisen"},"content":{"rendered":"<div class=\"wp-block-image\">\n<figure class=\"aligncenter size-full\"><img loading=\"lazy\" decoding=\"async\" width=\"89\" height=\"72\" src=\"https:\/\/weiss-busreisen.at\/wp-content\/uploads\/2021\/08\/icon-gruppenreisen.png\" alt=\"\" class=\"wp-image-831\"\/><\/figure>\n<\/div>\n\n<style>\n<\/style>\n<div class=\"sf-area  type-color box\" id=\"sf-area-421a83bb5a194ef198b9309495bd1ee6\" style=\"background: #e5e5e5\">\n    \n\n<h2 class=\"wp-block-heading has-text-align-center\">Was braucht ihre Gruppe? Lassen sie es uns wissen!<\/h2>\n\n\n\n<p class=\"has-text-align-center\">Sie m\u00f6chten f\u00fcr sich und Ihre Gruppe die ideale Gruppenreise organisieren, ohne daf\u00fcr viel Zeit und Aufwand zu ben\u00f6tigen? Dann buchen Sie Ihre Reise doch bei uns, wir nehmen Ihnen die Organisation von Unterkunft, Programm und mehr gerne ab. Sie f\u00fcllen lediglich das Formular aus, wir k\u00fcmmern uns gerne um den Rest!<\/p>\n\n\n\n<hr class=\"wp-block-separator has-css-opacity\"\/>\n\n\n            <div class=\"sf-form\">\n                <div class=\"success-message\">\n                    <h2>Vielen Dank!<\/h2>\n                    <p>\n                        Wir werden uns schnellstm\u00f6glich bei Ihnen melden.                    <\/p>\n                <\/div>\n\n                <form action=\"\" class=\"sf-form\" id=\"form-groups-18AD8\" data-form=\"groups\">\n                    <div class=\"form-row\">\n    <div class=\"form-group-6\">\n        <label for=\"groupname\">Gruppenname<\/label>\n        <input type=\"text\" name=\"groupname\" id=\"groupname\" data-name=\"Gruppenname\"\">\n    <\/div>\n    <div class=\"form-group-6\">\n        <label for=\"type\">Gruppenart*<\/label>\n        <select name=\"type\" id=\"type\" required data-name=\"Gruppenart\"\">\n                            <option value=\"\">Bitte w\u00e4hlen<\/option>\n                                        <option value=\"private\">\n                    Privat                <\/option>\n                            <option value=\"association\">\n                    Verein                <\/option>\n                            <option value=\"company\">\n                    Firma                <\/option>\n                            <option value=\"other\">\n                    Sonstige                <\/option>\n                    <\/select>\n    <\/div>\n<\/div>\n<div class=\"form-row\">\n    <div class=\"form-group-6 md-3\">\n        <label for=\"persons\">Personenanzahl*<\/label>\n        <input type=\"number\" name=\"persons\" id=\"persons\" min=\"1\" value=\"1\" required data-name=\"Personenanzahl\"\">\n    <\/div>\n    <div class=\"form-group-6 md-9\">\n        <label for=\"bus\">Busgr\u00f6\u00dfe<\/label>\n        <select name=\"bus\" id=\"bus\" data-name=\"Busgr\u00f6\u00dfe\"\">\n            <option value=\"\">Bitte w\u00e4hlen<\/option>\n                            <option value=\"1535\">\n                    Limousine                <\/option>\n                            <option value=\"593\">\n                    Radanh\u00e4nger                <\/option>\n                            <option value=\"581\">\n                    SK Sturm Teambusse                <\/option>\n                            <option value=\"571\">\n                    72-81 Sitzer                <\/option>\n                            <option value=\"563\">\n                    55-63 Sitzer                <\/option>\n                            <option value=\"555\">\n                    40-50 Sitzer                <\/option>\n                            <option value=\"547\">\n                    30-40 Sitzer                <\/option>\n                            <option value=\"529\">\n                    9-Sitzer                <\/option>\n                    <\/select>\n    <\/div>\n<\/div>\n<div class=\"form-row\">\n    <div class=\"form-group-6\">\n        <label for=\"date-from\">Abfahrt*<\/label>\n        <input type=\"date\" name=\"date-from\" id=\"date-from\" required data-name=\"Abfahrt\"\">\n    <\/div>\n    <div class=\"form-group-6\">\n        <label for=\"date-to\">Ankunft*<\/label>\n        <input type=\"date\" name=\"date-from\" id=\"date-to\" required data-name=\"Ankunft\"\">\n    <\/div>\n<\/div>\n<div class=\"form-row\">\n    <div class=\"form-group-6\">\n        <label for=\"departure-location\">Abfahrtsort*<\/label>\n        <input type=\"text\" name=\"departure-location\" id=\"departure-location\" required data-name=\"Abfahrtsort\"\">\n    <\/div>\n    <div class=\"form-group-6\">\n        <label for=\"arrival-location\">Zielort*<\/label>\n        <input type=\"text\" name=\"arrival-location\" id=\"arrival-location\" required data-name=\"Zielort\"\">\n    <\/div>\n<\/div>\n<div class=\"form-row\">\n    <div class=\"form-group\">\n        <input type=\"checkbox\" name=\"shelter\" id=\"shelter\" data-name=\"Unterkunft wird ben\u00f6tigt\">\n        <label for=\"shelter\">Unterkunft wird ben\u00f6tigt<\/label>\n    <\/div>\n<\/div>\n<div class=\"form-row\">\n    <div class=\"form-group\">\n        <input type=\"checkbox\" name=\"program\" id=\"program\" data-name=\"Programm wird ben\u00f6tigt\">\n        <label for=\"program\">Programm wird ben\u00f6tigt<\/label>\n    <\/div>\n<\/div>\n<div class=\"form-row\">\n    <div class=\"form-group\">\n        <label for=\"comp\">Firma\/Verein<\/label>\n        <input type=\"text\" name=\"comp\" id=\"comp\" data-name=\"Firma\/Verein\/Schule\"\">\n    <\/div>\n<\/div>\n<div class=\"form-row\">\n    <div class=\"form-group-3 md-6\">\n        <label for=\"salut\">Anrede*<\/label>\n        <select name=\"salut\" id=\"salut\" data-name=\"Anrede\"\" required>\n            <option value=\"\">Bitte w\u00e4hlen<\/option>\n            <option value=\"m\">Herr<\/option>\n            <option value=\"f\">Frau<\/option>\n        <\/select>\n    <\/div>\n    <div class=\"form-group-3 md-6\">\n        <label for=\"title\">Titel<\/label>\n        <input type=\"text\" name=\"title\" id=\"title\" data-name=\"Titel\"\">\n    <\/div>\n    <div class=\"form-group-3 md-6\">\n        <label for=\"givenname\">Vorname*<\/label>\n        <input type=\"text\" name=\"givenname\" id=\"givenname\" required data-name=\"Vorname\"\">\n    <\/div>\n    <div class=\"form-group-3 md-6\">\n        <label for=\"surname\">Nachname*<\/label>\n        <input type=\"text\" name=\"surname\" id=\"surname\" required data-name=\"Nachname\"\">\n    <\/div>\n<\/div>\n<div class=\"form-row\">\n    <div class=\"form-group\">\n        <label for=\"street\">Stra\u00dfe*<\/label>\n        <input type=\"text\" name=\"street\" id=\"street\" required data-name=\"Stra\u00dfe\"\">\n    <\/div>\n<\/div>\n<div class=\"form-row\">\n    <div class=\"form-group-2\">\n        <label for=\"zip\">PLZ*<\/label>\n        <input type=\"text\" name=\"zip\" id=\"zip\" required data-name=\"PLZ\"\">\n    <\/div>\n    <div class=\"form-group-10\">\n        <label for=\"village\">Ort*<\/label>\n        <input type=\"text\" name=\"village\" id=\"village\" required data-name=\"Ort\"\">\n    <\/div>\n<\/div>\n<div class=\"form-row\">\n    <div class=\"form-group-6\">\n        <label for=\"phone\">Telefon*<\/label>\n        <input type=\"tel\" name=\"phone\" id=\"phone\" required data-name=\"Telefon\"\">\n    <\/div>\n    <div class=\"form-group-6\">\n        <label for=\"email\">E-Mail*<\/label>\n        <input type=\"email\" name=\"email\" id=\"email\" required data-name=\"E-Mail\"\">\n    <\/div>\n<\/div>\n<div class=\"form-row\">\n    <div class=\"form-group\">\n        <label for=\"notes\">Anmerkungen\/Infos<\/label>\n        <textarea name=\"notes\" id=\"notes\" rows=\"8\" data-name=\"Anmerkungen\/Infos\"\"><\/textarea>\n    <\/div>\n<\/div>\n<div class=\"form-row\">\n    <div class=\"form-group\">\n        <input type=\"checkbox\" name=\"callback\" id=\"callback\" data-name=\"Bitte um R\u00fcckruf\">\n        <label for=\"callback\">Bitte um R\u00fcckruf<\/label>\n        <div class=\"mandatory-note\">*PFLICHTFELDER<\/div>\n    <\/div>\n<\/div>\n\n                    <div class=\"form-row\">\n                        <div class=\"form-group\">\n                            <input type=\"checkbox\" name=\"gdpr\" id=\"gdpr\" data-name=\"Datenschutz best\u00e4tigt\" required>\n                            <label for=\"gdpr\" style=\"font-size: 12px\">*Ich erkl\u00e4re mich einverstanden, dass meine eingegebenen Daten verwendet und gespeichert werden. Diese werden nicht an Dritte weitergegeben. Weitere Informationen finden Sie in der <a href=\"https:\/\/weiss-busreisen.at\/de\/gruppenreisen\/\">Datenschutzerkl\u00e4rung<\/a><\/label>\n                        <\/div>\n                    <\/div>\n\n                    <button type=\"submit\" class=\"sf-button sf-button-black sf-button-block\">\n                        Anfrage abschicken                        <i class=\"fa fa-chevron-right\"><\/i>\n                        <i class=\"fa fa-spinner fa-spin\"><\/i>\n                    <\/button>\n                <\/form>\n            <\/div>\n            \n\n    <\/div>\n\n\n<style>\n#sf-area-5919ae2381aa48516bdcece59dccb737 h2, #sf-area-5919ae2381aa48516bdcece59dccb737 p {\n    color: #ffffff !important;\n}\n#sf-area-5919ae2381aa48516bdcece59dccb737 hr:after {\n    border-color: #ffffff !important;\n}<\/style>\n<div class=\"sf-area  type-image\" id=\"sf-area-5919ae2381aa48516bdcece59dccb737\" style=\"background: url(https:\/\/weiss-busreisen.at\/wp-content\/uploads\/2022\/05\/weiss_foto_02.webp)\">\n    \n\n<h2 class=\"wp-block-heading has-text-align-center\" id=\"nachhaltig-reisen\">GRUPPENREISEN<\/h2>\n\n\n\n<p class=\"has-text-align-center\">Die Organisation einer Gruppenreise kann sich oftmals als schwierig erweisen! \u00dcberlassen Sie das doch einfach uns! Egal, wie gro\u00df Ihre Gruppe ist, wohin Sie wollen oder was Sie dort erleben m\u00f6chten, mit unserem Busunternehmen lokalisiert in der n\u00e4he Graz, treffen Sie immer die richtige Entscheidung. Vom Hotel bis zur Stadtf\u00fchrung: Wir legen uns ins Zeug und organisieren alles, was Sie f\u00fcr eine unvergessliche Reise brauchen!<\/p>\n\n\n\n<hr class=\"wp-block-separator has-css-opacity\"\/>\n\n\n    <\/div>\n","protected":false},"excerpt":{"rendered":"","protected":false},"author":3,"featured_media":0,"parent":0,"menu_order":9,"comment_status":"closed","ping_status":"closed","template":"","meta":{"_acf_changed":false,"footnotes":""},"class_list":["post-18","page","type-page","status-publish","hentry"],"acf":[],"yoast_head":"<!-- This site is optimized with the Yoast SEO plugin v27.4 - https:\/\/yoast.com\/product\/yoast-seo-wordpress\/ -->\n<title>Gruppenreisen - Weiss Busreisen<\/title>\n<meta name=\"robots\" content=\"index, follow, max-snippet:-1, max-image-preview:large, max-video-preview:-1\" \/>\n<link rel=\"canonical\" href=\"https:\/\/weiss-busreisen.at\/de\/gruppenreisen\/\" \/>\n<meta property=\"og:locale\" content=\"de_DE\" \/>\n<meta property=\"og:type\" content=\"article\" \/>\n<meta property=\"og:title\" content=\"Gruppenreisen - Weiss Busreisen\" \/>\n<meta property=\"og:url\" content=\"https:\/\/weiss-busreisen.at\/de\/gruppenreisen\/\" \/>\n<meta property=\"og:site_name\" content=\"Weiss Busreisen\" \/>\n<meta property=\"article:modified_time\" content=\"2026-04-21T07:54:50+00:00\" \/>\n<meta property=\"og:image\" content=\"https:\/\/weiss-busreisen.at\/wp-content\/uploads\/2021\/08\/icon-gruppenreisen.png\" \/>\n\t<meta property=\"og:image:width\" content=\"89\" \/>\n\t<meta property=\"og:image:height\" content=\"72\" \/>\n\t<meta property=\"og:image:type\" content=\"image\/png\" \/>\n<meta name=\"twitter:card\" content=\"summary_large_image\" \/>\n<meta name=\"twitter:label1\" content=\"Gesch\u00e4tzte Lesezeit\" \/>\n\t<meta name=\"twitter:data1\" content=\"1\u00a0Minute\" \/>\n<script type=\"application\/ld+json\" class=\"yoast-schema-graph\">{\"@context\":\"https:\\\/\\\/schema.org\",\"@graph\":[{\"@type\":\"WebPage\",\"@id\":\"https:\\\/\\\/weiss-busreisen.at\\\/de\\\/gruppenreisen\\\/\",\"url\":\"https:\\\/\\\/weiss-busreisen.at\\\/de\\\/gruppenreisen\\\/\",\"name\":\"Gruppenreisen - Weiss Busreisen\",\"isPartOf\":{\"@id\":\"https:\\\/\\\/weiss-busreisen.at\\\/de\\\/#website\"},\"primaryImageOfPage\":{\"@id\":\"https:\\\/\\\/weiss-busreisen.at\\\/de\\\/gruppenreisen\\\/#primaryimage\"},\"image\":{\"@id\":\"https:\\\/\\\/weiss-busreisen.at\\\/de\\\/gruppenreisen\\\/#primaryimage\"},\"thumbnailUrl\":\"https:\\\/\\\/weiss-busreisen.at\\\/wp-content\\\/uploads\\\/2021\\\/08\\\/icon-gruppenreisen.png\",\"datePublished\":\"2021-08-02T21:45:30+00:00\",\"dateModified\":\"2026-04-21T07:54:50+00:00\",\"inLanguage\":\"de\",\"potentialAction\":[{\"@type\":\"ReadAction\",\"target\":[\"https:\\\/\\\/weiss-busreisen.at\\\/de\\\/gruppenreisen\\\/\"]}]},{\"@type\":\"ImageObject\",\"inLanguage\":\"de\",\"@id\":\"https:\\\/\\\/weiss-busreisen.at\\\/de\\\/gruppenreisen\\\/#primaryimage\",\"url\":\"https:\\\/\\\/weiss-busreisen.at\\\/wp-content\\\/uploads\\\/2021\\\/08\\\/icon-gruppenreisen.png\",\"contentUrl\":\"https:\\\/\\\/weiss-busreisen.at\\\/wp-content\\\/uploads\\\/2021\\\/08\\\/icon-gruppenreisen.png\"},{\"@type\":\"WebSite\",\"@id\":\"https:\\\/\\\/weiss-busreisen.at\\\/de\\\/#website\",\"url\":\"https:\\\/\\\/weiss-busreisen.at\\\/de\\\/\",\"name\":\"Weiss Busreisen\",\"description\":\"\",\"potentialAction\":[{\"@type\":\"SearchAction\",\"target\":{\"@type\":\"EntryPoint\",\"urlTemplate\":\"https:\\\/\\\/weiss-busreisen.at\\\/de\\\/?s={search_term_string}\"},\"query-input\":{\"@type\":\"PropertyValueSpecification\",\"valueRequired\":true,\"valueName\":\"search_term_string\"}}],\"inLanguage\":\"de\"}]}<\/script>\n<!-- \/ Yoast SEO plugin. -->","yoast_head_json":{"title":"Gruppenreisen - Weiss Busreisen","robots":{"index":"index","follow":"follow","max-snippet":"max-snippet:-1","max-image-preview":"max-image-preview:large","max-video-preview":"max-video-preview:-1"},"canonical":"https:\/\/weiss-busreisen.at\/de\/gruppenreisen\/","og_locale":"de_DE","og_type":"article","og_title":"Gruppenreisen - Weiss Busreisen","og_url":"https:\/\/weiss-busreisen.at\/de\/gruppenreisen\/","og_site_name":"Weiss Busreisen","article_modified_time":"2026-04-21T07:54:50+00:00","og_image":[{"width":89,"height":72,"url":"https:\/\/weiss-busreisen.at\/wp-content\/uploads\/2021\/08\/icon-gruppenreisen.png","type":"image\/png"}],"twitter_card":"summary_large_image","twitter_misc":{"Gesch\u00e4tzte Lesezeit":"1\u00a0Minute"},"schema":{"@context":"https:\/\/schema.org","@graph":[{"@type":"WebPage","@id":"https:\/\/weiss-busreisen.at\/de\/gruppenreisen\/","url":"https:\/\/weiss-busreisen.at\/de\/gruppenreisen\/","name":"Gruppenreisen - Weiss Busreisen","isPartOf":{"@id":"https:\/\/weiss-busreisen.at\/de\/#website"},"primaryImageOfPage":{"@id":"https:\/\/weiss-busreisen.at\/de\/gruppenreisen\/#primaryimage"},"image":{"@id":"https:\/\/weiss-busreisen.at\/de\/gruppenreisen\/#primaryimage"},"thumbnailUrl":"https:\/\/weiss-busreisen.at\/wp-content\/uploads\/2021\/08\/icon-gruppenreisen.png","datePublished":"2021-08-02T21:45:30+00:00","dateModified":"2026-04-21T07:54:50+00:00","inLanguage":"de","potentialAction":[{"@type":"ReadAction","target":["https:\/\/weiss-busreisen.at\/de\/gruppenreisen\/"]}]},{"@type":"ImageObject","inLanguage":"de","@id":"https:\/\/weiss-busreisen.at\/de\/gruppenreisen\/#primaryimage","url":"https:\/\/weiss-busreisen.at\/wp-content\/uploads\/2021\/08\/icon-gruppenreisen.png","contentUrl":"https:\/\/weiss-busreisen.at\/wp-content\/uploads\/2021\/08\/icon-gruppenreisen.png"},{"@type":"WebSite","@id":"https:\/\/weiss-busreisen.at\/de\/#website","url":"https:\/\/weiss-busreisen.at\/de\/","name":"Weiss Busreisen","description":"","potentialAction":[{"@type":"SearchAction","target":{"@type":"EntryPoint","urlTemplate":"https:\/\/weiss-busreisen.at\/de\/?s={search_term_string}"},"query-input":{"@type":"PropertyValueSpecification","valueRequired":true,"valueName":"search_term_string"}}],"inLanguage":"de"}]}},"_links":{"self":[{"href":"https:\/\/weiss-busreisen.at\/de\/wp-json\/wp\/v2\/pages\/18","targetHints":{"allow":["GET"]}}],"collection":[{"href":"https:\/\/weiss-busreisen.at\/de\/wp-json\/wp\/v2\/pages"}],"about":[{"href":"https:\/\/weiss-busreisen.at\/de\/wp-json\/wp\/v2\/types\/page"}],"author":[{"embeddable":true,"href":"https:\/\/weiss-busreisen.at\/de\/wp-json\/wp\/v2\/users\/3"}],"replies":[{"embeddable":true,"href":"https:\/\/weiss-busreisen.at\/de\/wp-json\/wp\/v2\/comments?post=18"}],"version-history":[{"count":48,"href":"https:\/\/weiss-busreisen.at\/de\/wp-json\/wp\/v2\/pages\/18\/revisions"}],"predecessor-version":[{"id":8399,"href":"https:\/\/weiss-busreisen.at\/de\/wp-json\/wp\/v2\/pages\/18\/revisions\/8399"}],"wp:attachment":[{"href":"https:\/\/weiss-busreisen.at\/de\/wp-json\/wp\/v2\/media?parent=18"}],"curies":[{"name":"wp","href":"https:\/\/api.w.org\/{rel}","templated":true}]}}