{"id":230,"date":"2021-08-04T14:29:03","date_gmt":"2021-08-04T14:29:03","guid":{"rendered":"https:\/\/weiss.int.sf.loc\/?page_id=230"},"modified":"2026-04-21T08:58:06","modified_gmt":"2026-04-21T07:58:06","slug":"fuhrpark","status":"publish","type":"page","link":"https:\/\/weiss-busreisen.at\/de\/wissenswertes\/fuhrpark\/","title":{"rendered":"Fuhrpark"},"content":{"rendered":"<style>\n<\/style>\n<div class=\"sf-area \" id=\"sf-area-4f6aedc3b9fb1d2d2572c7f9486e6f0d\" style=\"\">\n    \n\n<h2 class=\"has-text-align-center wp-block-heading\" id=\"uber-40-busse-warten-auf-sie\">\u00fcber 40 Busse warten auf sie<\/h2>\n\n\n\n<p class=\"has-text-align-center\">Unsere \u00fcber 40 Busse reichen von 9-Sitzern f\u00fcr kleinere Gruppen \u00fcber Doppeldecker mit 81 Sitzpl\u00e4tzen bis hin zu unseren luxuri\u00f6sen, offiziellen SK Sturm Graz-Bussen, die ausgezeichnet ausger\u00fcstet sind. So bieten wir auch f\u00fcr Sie den optimalen Bus, um Sie und Ihre Gruppe sicher an Ihr Ziel zu bringen.<\/p>\n\n\n\n<hr class=\"wp-block-separator\"\/>\n\n\n    <\/div>\n\n\n<style>\n<\/style>\n<div class=\"sf-area  type-color\" id=\"sf-area-4669612c1e299c15fb778a4fddfabc50\" style=\"background: #e5e5e5\">\n    \n<div id=\"sf-vehicle-list\">\n    <a href=\"https:\/\/weiss-busreisen.at\/de\/fahrzeug\/limousine\/\">\n        <img decoding=\"async\" src=\"\"\/>\n        <div class=\"caption\">\n            <span>Limousine<\/span>\n        <\/div>\n    <\/a>\n    <a href=\"https:\/\/weiss-busreisen.at\/de\/fahrzeug\/radanhaenger\/\">\n        <img decoding=\"async\" src=\"\"\/>\n        <div class=\"caption\">\n            <span>Radanh\u00e4nger<\/span>\n        <\/div>\n    <\/a>\n    <a href=\"https:\/\/weiss-busreisen.at\/de\/fahrzeug\/sk-sturm-teambusse\/\">\n        <img decoding=\"async\" src=\"\"\/>\n        <div class=\"caption\">\n            <span>SK Sturm Teambusse<\/span>\n        <\/div>\n    <\/a>\n    <a href=\"https:\/\/weiss-busreisen.at\/de\/fahrzeug\/72-81-sitzer\/\">\n        <img decoding=\"async\" src=\"\"\/>\n        <div class=\"caption\">\n            <span>72-81 Sitzer<\/span>\n        <\/div>\n    <\/a>\n    <a href=\"https:\/\/weiss-busreisen.at\/de\/fahrzeug\/55-58-sitzer\/\">\n        <img decoding=\"async\" src=\"\"\/>\n        <div class=\"caption\">\n            <span>55-63 Sitzer<\/span>\n        <\/div>\n    <\/a>\n    <a href=\"https:\/\/weiss-busreisen.at\/de\/fahrzeug\/40-50-sitzer\/\">\n        <img decoding=\"async\" src=\"\"\/>\n        <div class=\"caption\">\n            <span>40-50 Sitzer<\/span>\n        <\/div>\n    <\/a>\n    <a href=\"https:\/\/weiss-busreisen.at\/de\/fahrzeug\/30-40-sitzer\/\">\n        <img decoding=\"async\" src=\"\"\/>\n        <div class=\"caption\">\n            <span>30-40 Sitzer<\/span>\n        <\/div>\n    <\/a>\n    <a href=\"https:\/\/weiss-busreisen.at\/de\/fahrzeug\/9-sitzer\/\">\n        <img decoding=\"async\" src=\"\"\/>\n        <div class=\"caption\">\n            <span>9-Sitzer<\/span>\n        <\/div>\n    <\/a>\n<\/div>\n\n\n    <\/div>\n\n\n<style>\n#sf-area-d24700fa5350ba7912f7cdceac8ca243 h2, #sf-area-d24700fa5350ba7912f7cdceac8ca243 p {\n    color: #ffffff !important;\n}\n#sf-area-d24700fa5350ba7912f7cdceac8ca243 hr:after {\n    border-color: #ffffff !important;\n}<\/style>\n<div class=\"sf-area  type-image\" id=\"sf-area-d24700fa5350ba7912f7cdceac8ca243\" style=\"background: url(https:\/\/weiss-busreisen.at\/wp-content\/uploads\/2021\/08\/weiss_foto_02.jpg)\">\n    \n\n<h2 class=\"has-text-align-center wp-block-heading\" id=\"nachhaltig-reisen\">Nachhaltig Reisen<\/h2>\n\n\n\n<p class=\"has-text-align-center\">F\u00fcr uns ist es von gro\u00dfer Bedeutung, als Anbieter von Transportmitteln, die Umwelt so gut es geht zu sch\u00fctzen. Unsere ganzen sch\u00f6nen Reiseziele w\u00e4ren nicht so sch\u00f6n, w\u00fcrde die Natur nicht f\u00fcr solche Bilder sorgen. Wir wissen, das sich ein gewisser Aussto\u00df an CO2 nicht vermeiden l\u00e4sst. Wir wissen aber auch, dass man viel unternehmen kann, um ihn so gering wie m\u00f6glich zu halten. Daher sind unsere Busse alle mit Motoren der Euro VI-Kategorie ausgestattet, die besonders umweltfreundlich sind! <\/p>\n\n\n\n<hr class=\"wp-block-separator\"\/>\n\n\n<a href=\"162\" class=\" sf-button-block sf-button sf-button-block sf-button-center sf-button-white\" style=\"width: 200px\">\n    Mehr erfahren    <i class=\"fa fa-chevron-right\" aria-hidden=\"true\"><\/i>\n<\/a>\n\n\n    <\/div>\n\n\n<style>\n<\/style>\n<div class=\"sf-area \" id=\"sf-area-4d5a29d917e785afbd3187a4501414a3\" style=\"\">\n    \n\n<h2 class=\"has-text-align-center wp-block-heading\" id=\"aktuelle-reisehighlights\">Aktuelle Reisehighlights<\/h2>\n\n\n\n<p class=\"has-text-align-center\"><meta http-equiv=\"content-type\" content=\"text\/html; charset=utf-8\">Sie haben gro\u00dfe oder kleine Ziele? Wir haben das, was Sie brauchen: Wir bieten Ihnen modernste Reisebusse und VIP-Busse von 9-81 Sitzpl\u00e4tzen.<\/p>\n\n\n\n<hr class=\"wp-block-separator\"\/>\n\n\n<div class=\"travel-list horizontal\">\n    <ul>\n                                <li>\n                <div class=\"item\">\n                    <a class=\"image\" href=\"https:\/\/weiss-busreisen.at\/de\/reise\/5-tage-italien-in-die-provinzen-der-emilia-romagna-und-marken\/\" style=\"background-image: url(https:\/\/weiss-busreisen.at\/wp-content\/uploads\/2026\/02\/philip-myrtorp-QWaXWU4ulEk-unsplash-scaled.jpg)\"><\/a>\n                    <div class=\"details\">\n                        <div style=\"font-size: 16px; font-weight: bold; margin-bottom: 28px;text-align: center;\">5 Tage Italien<\/div>\n\n                        \n                        <div class=\"description\">\u201eDie gr\u00fcne Perle der Adria\u201c: Bellaria, Igea Marina, San Marino, Ancona, Marienwallfahrtsort LORETO, Ravenna.\r\n\r\nHOTELLAGE: direkt am Meer, nur einen Steinwurf vom Zentrum von Bellaria und der lebhaften Isola dei Platani, entfernt.<\/div>\n\n                        <div class=\"buttons\">\n                            <a href=\"https:\/\/weiss-busreisen.at\/de\/reise\/5-tage-italien-in-die-provinzen-der-emilia-romagna-und-marken\/\" class=\"sf-button sf-button-white\">\n                                Details <i class=\"fa fa-chevron-right\" aria-hidden=\"true\"><\/i>\n                            <\/a>\n                                                        <a href=\"https:\/\/weiss-busreisen.at\/de\/?page_id=606?id=8199\" class=\"sf-button sf-button-black\">\n                                Buchen                            <\/a>\n                                                    <\/div>\n                    <\/div>\n                <\/div>\n            <\/li>\n                                            <li>\n                <div class=\"item\">\n                    <a class=\"image\" href=\"https:\/\/weiss-busreisen.at\/de\/reise\/suedengland-cornwall\/\" style=\"background-image: url(https:\/\/weiss-busreisen.at\/wp-content\/uploads\/2026\/02\/danilo-d-agostino-kr-iVwE9-08-unsplash-scaled.jpg)\"><\/a>\n                    <div class=\"details\">\n                        <div style=\"font-size: 16px; font-weight: bold; margin-bottom: 28px;text-align: center;\">9 Tage in S\u00fcdengland<\/div>\n\n                        \n                        <div class=\"description\">Wildromantisch \u2013 bezaubernde G\u00e4rten \u2013 ein Hauch von Rosamunde Pilcher \u2013 dramatische K\u00fcstenlandschaften \u2013\r\nFischerd\u00f6rfchen &#8211; Schlo\u00df Windsor uvm. Erleben Sie mit uns diese interessante, faszinierende Busreise.<\/div>\n\n                        <div class=\"buttons\">\n                            <a href=\"https:\/\/weiss-busreisen.at\/de\/reise\/suedengland-cornwall\/\" class=\"sf-button sf-button-white\">\n                                Details <i class=\"fa fa-chevron-right\" aria-hidden=\"true\"><\/i>\n                            <\/a>\n                                                        <a href=\"https:\/\/weiss-busreisen.at\/de\/?page_id=606?id=8205\" class=\"sf-button sf-button-black\">\n                                Buchen                            <\/a>\n                                                    <\/div>\n                    <\/div>\n                <\/div>\n            <\/li>\n                                            <li>\n                <div class=\"item\">\n                    <a class=\"image\" href=\"https:\/\/weiss-busreisen.at\/de\/reise\/2-tage-wien-einmal-anders\/\" style=\"background-image: url(https:\/\/weiss-busreisen.at\/wp-content\/uploads\/2022\/03\/AdobeStock_105259904-scaled-1.webp)\"><\/a>\n                    <div class=\"details\">\n                        <div style=\"font-size: 16px; font-weight: bold; margin-bottom: 28px;text-align: center;\">2 Tage Wien<\/div>\n\n                        \n                        <div class=\"description\">Eleben sie Wien einmal anders mit Weindorf und Baden<\/div>\n\n                        <div class=\"buttons\">\n                            <a href=\"https:\/\/weiss-busreisen.at\/de\/reise\/2-tage-wien-einmal-anders\/\" class=\"sf-button sf-button-white\">\n                                Details <i class=\"fa fa-chevron-right\" aria-hidden=\"true\"><\/i>\n                            <\/a>\n                                                        <a href=\"https:\/\/weiss-busreisen.at\/de\/?page_id=606?id=8209\" class=\"sf-button sf-button-black\">\n                                Buchen                            <\/a>\n                                                    <\/div>\n                    <\/div>\n                <\/div>\n            <\/li>\n                                            <li>\n                <div class=\"item\">\n                    <a class=\"image\" href=\"https:\/\/weiss-busreisen.at\/de\/reise\/amore-italiano-al-bano-und-romina-power\/\" style=\"background-image: url(https:\/\/weiss-busreisen.at\/wp-content\/uploads\/2026\/02\/csm_die-italienische-schlagernacht-2026_805cc44c99.jpg)\"><\/a>\n                    <div class=\"details\">\n                        <div style=\"font-size: 16px; font-weight: bold; margin-bottom: 28px;text-align: center;\">Seeb\u00fchne M\u00f6rbisch: &#8222;Amore Italiano&#8220; Al Bano und Romina Power<\/div>\n\n                        \n                        <div class=\"description\">Ein Abend voller Amore.<\/div>\n\n                        <div class=\"buttons\">\n                            <a href=\"https:\/\/weiss-busreisen.at\/de\/reise\/amore-italiano-al-bano-und-romina-power\/\" class=\"sf-button sf-button-white\">\n                                Details <i class=\"fa fa-chevron-right\" aria-hidden=\"true\"><\/i>\n                            <\/a>\n                                                        <a href=\"https:\/\/weiss-busreisen.at\/de\/?page_id=606?id=8219\" class=\"sf-button sf-button-black\">\n                                Buchen                            <\/a>\n                                                    <\/div>\n                    <\/div>\n                <\/div>\n            <\/li>\n                                            <li>\n                <div class=\"item\">\n                    <a class=\"image\" href=\"https:\/\/weiss-busreisen.at\/de\/reise\/seefestspiele-moerbisch\/\" style=\"background-image: url(https:\/\/weiss-busreisen.at\/wp-content\/uploads\/2026\/02\/ekvn-website-header.jpg)\"><\/a>\n                    <div class=\"details\">\n                        <div style=\"font-size: 16px; font-weight: bold; margin-bottom: 28px;text-align: center;\">Seefestspiele M\u00f6rbisch das Musical: \u201cEin K\u00e4fig voller Narren\u201d<\/div>\n\n                        \n                        <div class=\"description\">Erleben sie einen Abend voller Narren<\/div>\n\n                        <div class=\"buttons\">\n                            <a href=\"https:\/\/weiss-busreisen.at\/de\/reise\/seefestspiele-moerbisch\/\" class=\"sf-button sf-button-white\">\n                                Details <i class=\"fa fa-chevron-right\" aria-hidden=\"true\"><\/i>\n                            <\/a>\n                                                        <a href=\"https:\/\/weiss-busreisen.at\/de\/?page_id=606?id=8232\" class=\"sf-button sf-button-black\">\n                                Buchen                            <\/a>\n                                                    <\/div>\n                    <\/div>\n                <\/div>\n            <\/li>\n                                            <li>\n                <div class=\"item\">\n                    <a class=\"image\" href=\"https:\/\/weiss-busreisen.at\/de\/reise\/rabac\/\" style=\"background-image: url(https:\/\/weiss-busreisen.at\/wp-content\/uploads\/2025\/02\/1.jpg)\"><\/a>\n                    <div class=\"details\">\n                        <div style=\"font-size: 16px; font-weight: bold; margin-bottom: 28px;text-align: center;\">Sp\u00e4tsommer in Istrien in RABAC<\/div>\n\n                        \n                        <div class=\"description\">Genie\u00dfen Sie die Sp\u00e4tsommer-Atmosph\u00e4re in Istrien.\r\nSonnige Tage, das glitzernde Meer und mediterrane K\u00f6stlichkeiten machen Ihren Aufenthalt zu einem unvergesslichen Erlebnis.<\/div>\n\n                        <div class=\"buttons\">\n                            <a href=\"https:\/\/weiss-busreisen.at\/de\/reise\/rabac\/\" class=\"sf-button sf-button-white\">\n                                Details <i class=\"fa fa-chevron-right\" aria-hidden=\"true\"><\/i>\n                            <\/a>\n                                                        <a href=\"https:\/\/weiss-busreisen.at\/de\/?page_id=606?id=8240\" class=\"sf-button sf-button-black\">\n                                Buchen                            <\/a>\n                                                    <\/div>\n                    <\/div>\n                <\/div>\n            <\/li>\n                        <\/ul>\n\n    <\/div>\n\n\n    <\/div>\n","protected":false},"excerpt":{"rendered":"","protected":false},"author":3,"featured_media":0,"parent":36,"menu_order":42,"comment_status":"closed","ping_status":"closed","template":"","meta":{"_acf_changed":false,"footnotes":""},"class_list":["post-230","page","type-page","status-publish","hentry"],"acf":[],"yoast_head":"<!-- This site is optimized with the Yoast SEO plugin v27.5 - https:\/\/yoast.com\/product\/yoast-seo-wordpress\/ -->\n<title>Fuhrpark - Weiss Busreisen<\/title>\n<meta name=\"robots\" content=\"index, follow, max-snippet:-1, max-image-preview:large, max-video-preview:-1\" \/>\n<link rel=\"canonical\" href=\"https:\/\/weiss-busreisen.at\/de\/wissenswertes\/fuhrpark\/\" \/>\n<meta property=\"og:locale\" content=\"de_DE\" \/>\n<meta property=\"og:type\" content=\"article\" \/>\n<meta property=\"og:title\" content=\"Fuhrpark - Weiss Busreisen\" \/>\n<meta property=\"og:url\" content=\"https:\/\/weiss-busreisen.at\/de\/wissenswertes\/fuhrpark\/\" \/>\n<meta property=\"og:site_name\" content=\"Weiss Busreisen\" \/>\n<meta property=\"article:modified_time\" content=\"2026-04-21T07:58:06+00:00\" \/>\n<meta name=\"twitter:card\" content=\"summary_large_image\" \/>\n<meta name=\"twitter:label1\" content=\"Gesch\u00e4tzte Lesezeit\" \/>\n\t<meta name=\"twitter:data1\" content=\"1\u00a0Minute\" \/>\n<script type=\"application\/ld+json\" class=\"yoast-schema-graph\">{\"@context\":\"https:\\\/\\\/schema.org\",\"@graph\":[{\"@type\":\"WebPage\",\"@id\":\"https:\\\/\\\/weiss-busreisen.at\\\/de\\\/wissenswertes\\\/fuhrpark\\\/\",\"url\":\"https:\\\/\\\/weiss-busreisen.at\\\/de\\\/wissenswertes\\\/fuhrpark\\\/\",\"name\":\"Fuhrpark - Weiss Busreisen\",\"isPartOf\":{\"@id\":\"https:\\\/\\\/weiss-busreisen.at\\\/de\\\/#website\"},\"datePublished\":\"2021-08-04T14:29:03+00:00\",\"dateModified\":\"2026-04-21T07:58:06+00:00\",\"breadcrumb\":{\"@id\":\"https:\\\/\\\/weiss-busreisen.at\\\/de\\\/wissenswertes\\\/fuhrpark\\\/#breadcrumb\"},\"inLanguage\":\"de\",\"potentialAction\":[{\"@type\":\"ReadAction\",\"target\":[\"https:\\\/\\\/weiss-busreisen.at\\\/de\\\/wissenswertes\\\/fuhrpark\\\/\"]}]},{\"@type\":\"BreadcrumbList\",\"@id\":\"https:\\\/\\\/weiss-busreisen.at\\\/de\\\/wissenswertes\\\/fuhrpark\\\/#breadcrumb\",\"itemListElement\":[{\"@type\":\"ListItem\",\"position\":1,\"name\":\"Wissenswertes\",\"item\":\"https:\\\/\\\/weiss-busreisen.at\\\/de\\\/wissenswertes\\\/\"},{\"@type\":\"ListItem\",\"position\":2,\"name\":\"Fuhrpark\"}]},{\"@type\":\"WebSite\",\"@id\":\"https:\\\/\\\/weiss-busreisen.at\\\/de\\\/#website\",\"url\":\"https:\\\/\\\/weiss-busreisen.at\\\/de\\\/\",\"name\":\"Weiss Busreisen\",\"description\":\"\",\"potentialAction\":[{\"@type\":\"SearchAction\",\"target\":{\"@type\":\"EntryPoint\",\"urlTemplate\":\"https:\\\/\\\/weiss-busreisen.at\\\/de\\\/?s={search_term_string}\"},\"query-input\":{\"@type\":\"PropertyValueSpecification\",\"valueRequired\":true,\"valueName\":\"search_term_string\"}}],\"inLanguage\":\"de\"}]}<\/script>\n<!-- \/ Yoast SEO plugin. -->","yoast_head_json":{"title":"Fuhrpark - Weiss Busreisen","robots":{"index":"index","follow":"follow","max-snippet":"max-snippet:-1","max-image-preview":"max-image-preview:large","max-video-preview":"max-video-preview:-1"},"canonical":"https:\/\/weiss-busreisen.at\/de\/wissenswertes\/fuhrpark\/","og_locale":"de_DE","og_type":"article","og_title":"Fuhrpark - Weiss Busreisen","og_url":"https:\/\/weiss-busreisen.at\/de\/wissenswertes\/fuhrpark\/","og_site_name":"Weiss Busreisen","article_modified_time":"2026-04-21T07:58:06+00:00","twitter_card":"summary_large_image","twitter_misc":{"Gesch\u00e4tzte Lesezeit":"1\u00a0Minute"},"schema":{"@context":"https:\/\/schema.org","@graph":[{"@type":"WebPage","@id":"https:\/\/weiss-busreisen.at\/de\/wissenswertes\/fuhrpark\/","url":"https:\/\/weiss-busreisen.at\/de\/wissenswertes\/fuhrpark\/","name":"Fuhrpark - Weiss Busreisen","isPartOf":{"@id":"https:\/\/weiss-busreisen.at\/de\/#website"},"datePublished":"2021-08-04T14:29:03+00:00","dateModified":"2026-04-21T07:58:06+00:00","breadcrumb":{"@id":"https:\/\/weiss-busreisen.at\/de\/wissenswertes\/fuhrpark\/#breadcrumb"},"inLanguage":"de","potentialAction":[{"@type":"ReadAction","target":["https:\/\/weiss-busreisen.at\/de\/wissenswertes\/fuhrpark\/"]}]},{"@type":"BreadcrumbList","@id":"https:\/\/weiss-busreisen.at\/de\/wissenswertes\/fuhrpark\/#breadcrumb","itemListElement":[{"@type":"ListItem","position":1,"name":"Wissenswertes","item":"https:\/\/weiss-busreisen.at\/de\/wissenswertes\/"},{"@type":"ListItem","position":2,"name":"Fuhrpark"}]},{"@type":"WebSite","@id":"https:\/\/weiss-busreisen.at\/de\/#website","url":"https:\/\/weiss-busreisen.at\/de\/","name":"Weiss Busreisen","description":"","potentialAction":[{"@type":"SearchAction","target":{"@type":"EntryPoint","urlTemplate":"https:\/\/weiss-busreisen.at\/de\/?s={search_term_string}"},"query-input":{"@type":"PropertyValueSpecification","valueRequired":true,"valueName":"search_term_string"}}],"inLanguage":"de"}]}},"_links":{"self":[{"href":"https:\/\/weiss-busreisen.at\/de\/wp-json\/wp\/v2\/pages\/230","targetHints":{"allow":["GET"]}}],"collection":[{"href":"https:\/\/weiss-busreisen.at\/de\/wp-json\/wp\/v2\/pages"}],"about":[{"href":"https:\/\/weiss-busreisen.at\/de\/wp-json\/wp\/v2\/types\/page"}],"author":[{"embeddable":true,"href":"https:\/\/weiss-busreisen.at\/de\/wp-json\/wp\/v2\/users\/3"}],"replies":[{"embeddable":true,"href":"https:\/\/weiss-busreisen.at\/de\/wp-json\/wp\/v2\/comments?post=230"}],"version-history":[{"count":5,"href":"https:\/\/weiss-busreisen.at\/de\/wp-json\/wp\/v2\/pages\/230\/revisions"}],"predecessor-version":[{"id":8412,"href":"https:\/\/weiss-busreisen.at\/de\/wp-json\/wp\/v2\/pages\/230\/revisions\/8412"}],"up":[{"embeddable":true,"href":"https:\/\/weiss-busreisen.at\/de\/wp-json\/wp\/v2\/pages\/36"}],"wp:attachment":[{"href":"https:\/\/weiss-busreisen.at\/de\/wp-json\/wp\/v2\/media?parent=230"}],"curies":[{"name":"wp","href":"https:\/\/api.w.org\/{rel}","templated":true}]}}