{"id":24,"date":"2021-08-02T21:46:43","date_gmt":"2021-08-02T21:46:43","guid":{"rendered":"https:\/\/weiss.int.sf.loc\/?page_id=24"},"modified":"2026-04-21T08:55:21","modified_gmt":"2026-04-21T07:55:21","slug":"schulreisen","status":"publish","type":"page","link":"https:\/\/weiss-busreisen.at\/de\/schulreisen\/","title":{"rendered":"Schulreisen"},"content":{"rendered":"<div class=\"wp-block-image\">\n<figure class=\"aligncenter size-full\"><img loading=\"lazy\" decoding=\"async\" width=\"89\" height=\"72\" src=\"https:\/\/weiss-busreisen.at\/wp-content\/uploads\/2021\/09\/icon-schulreisen.png\" alt=\"\" class=\"wp-image-1426\"\/><\/figure>\n<\/div>\n\n<style>\n<\/style>\n<div class=\"sf-area  type-color box\" id=\"sf-area-2b3e370fb5f73e76c37c07d6496479b9\" style=\"background: #e5e5e5\">\n    \n\n<h2 class=\"wp-block-heading has-text-align-center\">Und das abenteuer beginnt!<\/h2>\n\n\n\n<p class=\"has-text-align-center\"><meta http-equiv=\"content-type\" content=\"text\/html; charset=utf-8\">Wir bieten Ihnen auch die gesamte Abwicklung Ihres Schulausfluges an! Egal, ob Tagesausflug, Projektwoche, Skitag oder Sommer- und Wintersportwoche &#8211; wir sind hier gerne Ihr richtiger &amp; verl\u00e4sslicher Partner!<\/p>\n\n\n\n<hr class=\"wp-block-separator has-css-opacity\"\/>\n\n\n            <div class=\"sf-form\">\n                <div class=\"success-message\">\n                    <h2>Vielen Dank!<\/h2>\n                    <p>\n                        Wir werden uns schnellstm\u00f6glich bei Ihnen melden.                    <\/p>\n                <\/div>\n\n                <form action=\"\" class=\"sf-form\" id=\"form-schools-53718\" data-form=\"schools\">\n                    <div class=\"form-row\">\n    <div class=\"form-group-6\">\n        <label for=\"groupname\">Gruppenname<\/label>\n        <input type=\"text\" name=\"groupname\" id=\"groupname\" data-name=\"Gruppenname\"\">\n    <\/div>\n    <div class=\"form-group-6\">\n        <label for=\"type\">Gruppenart*<\/label>\n        <select name=\"type\" id=\"type\" required data-name=\"Gruppenart\" disabled>\n                            <option value=\"school\">\n                    Schule                <\/option>\n                    <\/select>\n    <\/div>\n<\/div>\n<div class=\"form-row\">\n    <div class=\"form-group-6 md-3\">\n        <label for=\"persons\">Personenanzahl*<\/label>\n        <input type=\"number\" name=\"persons\" id=\"persons\" min=\"1\" value=\"1\" required data-name=\"Personenanzahl\"\">\n    <\/div>\n    <div class=\"form-group-6 md-9\">\n        <label for=\"bus\">Busgr\u00f6\u00dfe<\/label>\n        <select name=\"bus\" id=\"bus\" data-name=\"Busgr\u00f6\u00dfe\"\">\n            <option value=\"\">Bitte w\u00e4hlen<\/option>\n                            <option value=\"1535\">\n                    Limousine                <\/option>\n                            <option value=\"593\">\n                    Radanh\u00e4nger                <\/option>\n                            <option value=\"581\">\n                    SK Sturm Teambusse                <\/option>\n                            <option value=\"571\">\n                    72-81 Sitzer                <\/option>\n                            <option value=\"563\">\n                    55-63 Sitzer                <\/option>\n                            <option value=\"555\">\n                    40-50 Sitzer                <\/option>\n                            <option value=\"547\">\n                    30-40 Sitzer                <\/option>\n                            <option value=\"529\">\n                    9-Sitzer                <\/option>\n                    <\/select>\n    <\/div>\n<\/div>\n<div class=\"form-row\">\n    <div class=\"form-group-6\">\n        <label for=\"date-from\">Abfahrt*<\/label>\n        <input type=\"date\" name=\"date-from\" id=\"date-from\" required data-name=\"Abfahrt\"\">\n    <\/div>\n    <div class=\"form-group-6\">\n        <label for=\"date-to\">Ankunft*<\/label>\n        <input type=\"date\" name=\"date-from\" id=\"date-to\" required data-name=\"Ankunft\"\">\n    <\/div>\n<\/div>\n<div class=\"form-row\">\n    <div class=\"form-group-6\">\n        <label for=\"departure-location\">Abfahrtsort*<\/label>\n        <input type=\"text\" name=\"departure-location\" id=\"departure-location\" required data-name=\"Abfahrtsort\"\">\n    <\/div>\n    <div class=\"form-group-6\">\n        <label for=\"arrival-location\">Zielort*<\/label>\n        <input type=\"text\" name=\"arrival-location\" id=\"arrival-location\" required data-name=\"Zielort\"\">\n    <\/div>\n<\/div>\n<div class=\"form-row\">\n    <div class=\"form-group\">\n        <input type=\"checkbox\" name=\"shelter\" id=\"shelter\" data-name=\"Unterkunft wird ben\u00f6tigt\">\n        <label for=\"shelter\">Unterkunft wird ben\u00f6tigt<\/label>\n    <\/div>\n<\/div>\n<div class=\"form-row\">\n    <div class=\"form-group\">\n        <input type=\"checkbox\" name=\"program\" id=\"program\" data-name=\"Programm wird ben\u00f6tigt\">\n        <label for=\"program\">Programm wird ben\u00f6tigt<\/label>\n    <\/div>\n<\/div>\n<div class=\"form-row\">\n    <div class=\"form-group\">\n        <label for=\"comp\">Schule<\/label>\n        <input type=\"text\" name=\"comp\" id=\"comp\" data-name=\"Firma\/Verein\/Schule\"\">\n    <\/div>\n<\/div>\n<div class=\"form-row\">\n    <div class=\"form-group-3 md-6\">\n        <label for=\"salut\">Anrede*<\/label>\n        <select name=\"salut\" id=\"salut\" data-name=\"Anrede\"\" required>\n            <option value=\"\">Bitte w\u00e4hlen<\/option>\n            <option value=\"m\">Herr<\/option>\n            <option value=\"f\">Frau<\/option>\n        <\/select>\n    <\/div>\n    <div class=\"form-group-3 md-6\">\n        <label for=\"title\">Titel<\/label>\n        <input type=\"text\" name=\"title\" id=\"title\" data-name=\"Titel\"\">\n    <\/div>\n    <div class=\"form-group-3 md-6\">\n        <label for=\"givenname\">Vorname*<\/label>\n        <input type=\"text\" name=\"givenname\" id=\"givenname\" required data-name=\"Vorname\"\">\n    <\/div>\n    <div class=\"form-group-3 md-6\">\n        <label for=\"surname\">Nachname*<\/label>\n        <input type=\"text\" name=\"surname\" id=\"surname\" required data-name=\"Nachname\"\">\n    <\/div>\n<\/div>\n<div class=\"form-row\">\n    <div class=\"form-group\">\n        <label for=\"street\">Stra\u00dfe*<\/label>\n        <input type=\"text\" name=\"street\" id=\"street\" required data-name=\"Stra\u00dfe\"\">\n    <\/div>\n<\/div>\n<div class=\"form-row\">\n    <div class=\"form-group-2\">\n        <label for=\"zip\">PLZ*<\/label>\n        <input type=\"text\" name=\"zip\" id=\"zip\" required data-name=\"PLZ\"\">\n    <\/div>\n    <div class=\"form-group-10\">\n        <label for=\"village\">Ort*<\/label>\n        <input type=\"text\" name=\"village\" id=\"village\" required data-name=\"Ort\"\">\n    <\/div>\n<\/div>\n<div class=\"form-row\">\n    <div class=\"form-group-6\">\n        <label for=\"phone\">Telefon*<\/label>\n        <input type=\"tel\" name=\"phone\" id=\"phone\" required data-name=\"Telefon\"\">\n    <\/div>\n    <div class=\"form-group-6\">\n        <label for=\"email\">E-Mail*<\/label>\n        <input type=\"email\" name=\"email\" id=\"email\" required data-name=\"E-Mail\"\">\n    <\/div>\n<\/div>\n<div class=\"form-row\">\n    <div class=\"form-group\">\n        <label for=\"notes\">Anmerkungen\/Infos<\/label>\n        <textarea name=\"notes\" id=\"notes\" rows=\"8\" data-name=\"Anmerkungen\/Infos\"\"><\/textarea>\n    <\/div>\n<\/div>\n<div class=\"form-row\">\n    <div class=\"form-group\">\n        <input type=\"checkbox\" name=\"callback\" id=\"callback\" data-name=\"Bitte um R\u00fcckruf\">\n        <label for=\"callback\">Bitte um R\u00fcckruf<\/label>\n        <div class=\"mandatory-note\">*PFLICHTFELDER<\/div>\n    <\/div>\n<\/div>\n\n                    <div class=\"form-row\">\n                        <div class=\"form-group\">\n                            <input type=\"checkbox\" name=\"gdpr\" id=\"gdpr\" data-name=\"Datenschutz best\u00e4tigt\" required>\n                            <label for=\"gdpr\" style=\"font-size: 12px\">*Ich erkl\u00e4re mich einverstanden, dass meine eingegebenen Daten verwendet und gespeichert werden. Diese werden nicht an Dritte weitergegeben. Weitere Informationen finden Sie in der <a href=\"https:\/\/weiss-busreisen.at\/de\/schulreisen\/\">Datenschutzerkl\u00e4rung<\/a><\/label>\n                        <\/div>\n                    <\/div>\n\n                    <button type=\"submit\" class=\"sf-button sf-button-black sf-button-block\">\n                        Anfrage abschicken                        <i class=\"fa fa-chevron-right\"><\/i>\n                        <i class=\"fa fa-spinner fa-spin\"><\/i>\n                    <\/button>\n                <\/form>\n            <\/div>\n            \n\n    <\/div>\n\n\n<style>\n#sf-area-2596b30ff7b75c1c3ae17df498eef229 h2, #sf-area-2596b30ff7b75c1c3ae17df498eef229 p {\n    color: #ffffff !important;\n}\n#sf-area-2596b30ff7b75c1c3ae17df498eef229 hr:after {\n    border-color: #ffffff !important;\n}<\/style>\n<div class=\"sf-area  type-image\" id=\"sf-area-2596b30ff7b75c1c3ae17df498eef229\" style=\"background: url(https:\/\/weiss-busreisen.at\/wp-content\/uploads\/2022\/05\/weiss_foto_02.webp)\">\n    \n\n<h2 class=\"wp-block-heading has-text-align-center\" id=\"nachhaltig-reisen\">SCHULREISEN<\/h2>\n\n\n\n<p class=\"has-text-align-center\">Skikurs, Sommersport- und Wienwoche sind f\u00fcr Schulkinder ein absolutes Highlight in der Schulzeit. Damit diese Reisen sowohl f\u00fcr Kids als auch Lehrer unvergesslich bleiben, unterst\u00fctzen wir Sie bei der ganzen Abwicklung und Organisation. Ersparen Sie sich das m\u00fchsame Geld-Einsammeln und die Suche nach der passenden Unterkunft, dem Rahmenprogramm, den Ausfl\u00fcgen, etc.!<\/p>\n\n\n\n<hr class=\"wp-block-separator has-css-opacity\"\/>\n\n\n    <\/div>\n","protected":false},"excerpt":{"rendered":"","protected":false},"author":3,"featured_media":0,"parent":0,"menu_order":10,"comment_status":"closed","ping_status":"closed","template":"","meta":{"_acf_changed":false,"footnotes":""},"class_list":["post-24","page","type-page","status-publish","hentry"],"acf":[],"yoast_head":"<!-- This site is optimized with the Yoast SEO plugin v27.5 - https:\/\/yoast.com\/product\/yoast-seo-wordpress\/ -->\n<title>Schulreisen - Weiss Busreisen<\/title>\n<meta name=\"description\" content=\"Wir organisieren ihre komplette Schulreise! Sei es eine Sommer- oder Wintersportwoche oder nur ein Tagesausflug. Wir k\u00fcmmern uns darum!\" \/>\n<meta name=\"robots\" content=\"index, follow, max-snippet:-1, max-image-preview:large, max-video-preview:-1\" \/>\n<link rel=\"canonical\" href=\"https:\/\/weiss-busreisen.at\/de\/schulreisen\/\" \/>\n<meta property=\"og:locale\" content=\"de_DE\" \/>\n<meta property=\"og:type\" content=\"article\" \/>\n<meta property=\"og:title\" content=\"Schulreisen - Weiss Busreisen\" \/>\n<meta property=\"og:description\" content=\"Wir organisieren ihre komplette Schulreise! Sei es eine Sommer- oder Wintersportwoche oder nur ein Tagesausflug. Wir k\u00fcmmern uns darum!\" \/>\n<meta property=\"og:url\" content=\"https:\/\/weiss-busreisen.at\/de\/schulreisen\/\" \/>\n<meta property=\"og:site_name\" content=\"Weiss Busreisen\" \/>\n<meta property=\"article:modified_time\" content=\"2026-04-21T07:55:21+00:00\" \/>\n<meta property=\"og:image\" content=\"https:\/\/weiss-busreisen.at\/wp-content\/uploads\/2021\/09\/icon-schulreisen.png\" \/>\n\t<meta property=\"og:image:width\" content=\"89\" \/>\n\t<meta property=\"og:image:height\" content=\"72\" \/>\n\t<meta property=\"og:image:type\" content=\"image\/png\" \/>\n<meta name=\"twitter:card\" content=\"summary_large_image\" \/>\n<meta name=\"twitter:label1\" content=\"Gesch\u00e4tzte Lesezeit\" \/>\n\t<meta name=\"twitter:data1\" content=\"1\u00a0Minute\" \/>\n<script type=\"application\/ld+json\" class=\"yoast-schema-graph\">{\"@context\":\"https:\\\/\\\/schema.org\",\"@graph\":[{\"@type\":\"WebPage\",\"@id\":\"https:\\\/\\\/weiss-busreisen.at\\\/de\\\/schulreisen\\\/\",\"url\":\"https:\\\/\\\/weiss-busreisen.at\\\/de\\\/schulreisen\\\/\",\"name\":\"Schulreisen - Weiss Busreisen\",\"isPartOf\":{\"@id\":\"https:\\\/\\\/weiss-busreisen.at\\\/de\\\/#website\"},\"primaryImageOfPage\":{\"@id\":\"https:\\\/\\\/weiss-busreisen.at\\\/de\\\/schulreisen\\\/#primaryimage\"},\"image\":{\"@id\":\"https:\\\/\\\/weiss-busreisen.at\\\/de\\\/schulreisen\\\/#primaryimage\"},\"thumbnailUrl\":\"https:\\\/\\\/weiss-busreisen.at\\\/wp-content\\\/uploads\\\/2021\\\/09\\\/icon-schulreisen.png\",\"datePublished\":\"2021-08-02T21:46:43+00:00\",\"dateModified\":\"2026-04-21T07:55:21+00:00\",\"description\":\"Wir organisieren ihre komplette Schulreise! Sei es eine Sommer- oder Wintersportwoche oder nur ein Tagesausflug. Wir k\u00fcmmern uns darum!\",\"inLanguage\":\"de\",\"potentialAction\":[{\"@type\":\"ReadAction\",\"target\":[\"https:\\\/\\\/weiss-busreisen.at\\\/de\\\/schulreisen\\\/\"]}]},{\"@type\":\"ImageObject\",\"inLanguage\":\"de\",\"@id\":\"https:\\\/\\\/weiss-busreisen.at\\\/de\\\/schulreisen\\\/#primaryimage\",\"url\":\"https:\\\/\\\/weiss-busreisen.at\\\/wp-content\\\/uploads\\\/2021\\\/09\\\/icon-schulreisen.png\",\"contentUrl\":\"https:\\\/\\\/weiss-busreisen.at\\\/wp-content\\\/uploads\\\/2021\\\/09\\\/icon-schulreisen.png\"},{\"@type\":\"WebSite\",\"@id\":\"https:\\\/\\\/weiss-busreisen.at\\\/de\\\/#website\",\"url\":\"https:\\\/\\\/weiss-busreisen.at\\\/de\\\/\",\"name\":\"Weiss Busreisen\",\"description\":\"\",\"potentialAction\":[{\"@type\":\"SearchAction\",\"target\":{\"@type\":\"EntryPoint\",\"urlTemplate\":\"https:\\\/\\\/weiss-busreisen.at\\\/de\\\/?s={search_term_string}\"},\"query-input\":{\"@type\":\"PropertyValueSpecification\",\"valueRequired\":true,\"valueName\":\"search_term_string\"}}],\"inLanguage\":\"de\"}]}<\/script>\n<!-- \/ Yoast SEO plugin. -->","yoast_head_json":{"title":"Schulreisen - Weiss Busreisen","description":"Wir organisieren ihre komplette Schulreise! Sei es eine Sommer- oder Wintersportwoche oder nur ein Tagesausflug. Wir k\u00fcmmern uns darum!","robots":{"index":"index","follow":"follow","max-snippet":"max-snippet:-1","max-image-preview":"max-image-preview:large","max-video-preview":"max-video-preview:-1"},"canonical":"https:\/\/weiss-busreisen.at\/de\/schulreisen\/","og_locale":"de_DE","og_type":"article","og_title":"Schulreisen - Weiss Busreisen","og_description":"Wir organisieren ihre komplette Schulreise! Sei es eine Sommer- oder Wintersportwoche oder nur ein Tagesausflug. Wir k\u00fcmmern uns darum!","og_url":"https:\/\/weiss-busreisen.at\/de\/schulreisen\/","og_site_name":"Weiss Busreisen","article_modified_time":"2026-04-21T07:55:21+00:00","og_image":[{"width":89,"height":72,"url":"https:\/\/weiss-busreisen.at\/wp-content\/uploads\/2021\/09\/icon-schulreisen.png","type":"image\/png"}],"twitter_card":"summary_large_image","twitter_misc":{"Gesch\u00e4tzte Lesezeit":"1\u00a0Minute"},"schema":{"@context":"https:\/\/schema.org","@graph":[{"@type":"WebPage","@id":"https:\/\/weiss-busreisen.at\/de\/schulreisen\/","url":"https:\/\/weiss-busreisen.at\/de\/schulreisen\/","name":"Schulreisen - Weiss Busreisen","isPartOf":{"@id":"https:\/\/weiss-busreisen.at\/de\/#website"},"primaryImageOfPage":{"@id":"https:\/\/weiss-busreisen.at\/de\/schulreisen\/#primaryimage"},"image":{"@id":"https:\/\/weiss-busreisen.at\/de\/schulreisen\/#primaryimage"},"thumbnailUrl":"https:\/\/weiss-busreisen.at\/wp-content\/uploads\/2021\/09\/icon-schulreisen.png","datePublished":"2021-08-02T21:46:43+00:00","dateModified":"2026-04-21T07:55:21+00:00","description":"Wir organisieren ihre komplette Schulreise! Sei es eine Sommer- oder Wintersportwoche oder nur ein Tagesausflug. Wir k\u00fcmmern uns darum!","inLanguage":"de","potentialAction":[{"@type":"ReadAction","target":["https:\/\/weiss-busreisen.at\/de\/schulreisen\/"]}]},{"@type":"ImageObject","inLanguage":"de","@id":"https:\/\/weiss-busreisen.at\/de\/schulreisen\/#primaryimage","url":"https:\/\/weiss-busreisen.at\/wp-content\/uploads\/2021\/09\/icon-schulreisen.png","contentUrl":"https:\/\/weiss-busreisen.at\/wp-content\/uploads\/2021\/09\/icon-schulreisen.png"},{"@type":"WebSite","@id":"https:\/\/weiss-busreisen.at\/de\/#website","url":"https:\/\/weiss-busreisen.at\/de\/","name":"Weiss Busreisen","description":"","potentialAction":[{"@type":"SearchAction","target":{"@type":"EntryPoint","urlTemplate":"https:\/\/weiss-busreisen.at\/de\/?s={search_term_string}"},"query-input":{"@type":"PropertyValueSpecification","valueRequired":true,"valueName":"search_term_string"}}],"inLanguage":"de"}]}},"_links":{"self":[{"href":"https:\/\/weiss-busreisen.at\/de\/wp-json\/wp\/v2\/pages\/24","targetHints":{"allow":["GET"]}}],"collection":[{"href":"https:\/\/weiss-busreisen.at\/de\/wp-json\/wp\/v2\/pages"}],"about":[{"href":"https:\/\/weiss-busreisen.at\/de\/wp-json\/wp\/v2\/types\/page"}],"author":[{"embeddable":true,"href":"https:\/\/weiss-busreisen.at\/de\/wp-json\/wp\/v2\/users\/3"}],"replies":[{"embeddable":true,"href":"https:\/\/weiss-busreisen.at\/de\/wp-json\/wp\/v2\/comments?post=24"}],"version-history":[{"count":5,"href":"https:\/\/weiss-busreisen.at\/de\/wp-json\/wp\/v2\/pages\/24\/revisions"}],"predecessor-version":[{"id":8400,"href":"https:\/\/weiss-busreisen.at\/de\/wp-json\/wp\/v2\/pages\/24\/revisions\/8400"}],"wp:attachment":[{"href":"https:\/\/weiss-busreisen.at\/de\/wp-json\/wp\/v2\/media?parent=24"}],"curies":[{"name":"wp","href":"https:\/\/api.w.org\/{rel}","templated":true}]}}