{"id":28,"date":"2021-08-02T21:47:28","date_gmt":"2021-08-02T21:47:28","guid":{"rendered":"https:\/\/weiss.int.sf.loc\/?page_id=28"},"modified":"2026-04-21T08:55:44","modified_gmt":"2026-04-21T07:55:44","slug":"event-tickets","status":"publish","type":"page","link":"https:\/\/weiss-busreisen.at\/de\/event-tickets\/","title":{"rendered":"Event-Tickets"},"content":{"rendered":"<div class=\"wp-block-image\">\n<figure class=\"aligncenter size-full\"><img loading=\"lazy\" decoding=\"async\" width=\"89\" height=\"72\" src=\"https:\/\/weiss-busreisen.at\/wp-content\/uploads\/2021\/09\/icon-eventtickets.png\" alt=\"\" class=\"wp-image-1429\"\/><\/figure>\n<\/div>\n\n<style>\n<\/style>\n<div class=\"sf-area  type-color box\" id=\"sf-area-82b89bead284f994abdd79a26127da40\" style=\"background: #e5e5e5\">\n    \n\n<h2 class=\"wp-block-heading has-text-align-center\">Viel spass beim event!<\/h2>\n\n\n\n<p class=\"has-text-align-center\">Als offizieller \u00d6-TICKET-Partner bringen wir Sie und Ihre Gruppe nicht nur zu jedem Konzert, Sportevent und jeglicher anderen interessanten Veranstaltung, sondern k\u00fcmmern uns obendrein auch um die Ticket-Abwicklung! Einfach anfragen und sich auf die Veranstaltung freuen, wir organisieren die Tickets f\u00fcr Sie.<\/p>\n\n\n\n<hr class=\"wp-block-separator has-css-opacity\"\/>\n\n\n            <div class=\"sf-form\">\n                <div class=\"success-message\">\n                    <h2>Vielen Dank!<\/h2>\n                    <p>\n                        Wir werden uns schnellstm\u00f6glich bei Ihnen melden.                    <\/p>\n                <\/div>\n\n                <form action=\"\" class=\"sf-form\" id=\"form-ticket-7024D\" data-form=\"ticket\">\n                    <div class=\"form-row\">\n    <div class=\"form-group\">\n        <label for=\"name\">Veranstaltungname*<\/label>\n        <input type=\"text\" name=\"name\" id=\"name\" required data-name=\"Veranstaltungname\"\">\n    <\/div>\n<\/div>\n<div class=\"form-row\">\n    <div class=\"form-group-4\">\n        <label for=\"date\">Veranstaltungdatum*<\/label>\n        <input type=\"date\" name=\"date\" id=\"date\" required data-name=\"Veranstaltungdatum\"\">\n    <\/div>\n    <div class=\"form-group-6 md-3\">\n        <label for=\"tickets\">Ticketanzahl*<\/label>\n        <input type=\"number\" name=\"tickets\" id=\"tickets\" min=\"1\" value=\"1\" required data-name=\"Ticketanzahl\"\">\n    <\/div>\n<\/div>\n<div class=\"form-row\">\n    <div class=\"form-group\">\n        <label for=\"comp\">Firma\/Verein\/Schule<\/label>\n        <input type=\"text\" name=\"comp\" id=\"comp\" data-name=\"Firma\/Verein\/Schule\"\">\n    <\/div>\n<\/div>\n<div class=\"form-row\">\n    <div class=\"form-group-3 md-6\">\n        <label for=\"salut\">Anrede*<\/label>\n        <select name=\"salut\" id=\"salut\" data-name=\"Anrede\"\" required>\n            <option value=\"\">Bitte w\u00e4hlen<\/option>\n            <option value=\"m\">Herr<\/option>\n            <option value=\"f\">Frau<\/option>\n        <\/select>\n    <\/div>\n    <div class=\"form-group-3 md-6\">\n        <label for=\"title\">Titel<\/label>\n        <input type=\"text\" name=\"title\" id=\"title\" data-name=\"Titel\"\">\n    <\/div>\n    <div class=\"form-group-3 md-6\">\n        <label for=\"givenname\">Vorname*<\/label>\n        <input type=\"text\" name=\"givenname\" id=\"givenname\" required data-name=\"Vorname\"\">\n    <\/div>\n    <div class=\"form-group-3 md-6\">\n        <label for=\"surname\">Nachname*<\/label>\n        <input type=\"text\" name=\"surname\" id=\"surname\" required data-name=\"Nachname\"\">\n    <\/div>\n<\/div>\n<div class=\"form-row\">\n    <div class=\"form-group\">\n        <label for=\"street\">Stra\u00dfe*<\/label>\n        <input type=\"text\" name=\"street\" id=\"street\" required data-name=\"Stra\u00dfe\"\">\n    <\/div>\n<\/div>\n<div class=\"form-row\">\n    <div class=\"form-group-2\">\n        <label for=\"zip\">PLZ*<\/label>\n        <input type=\"text\" name=\"zip\" id=\"zip\" required data-name=\"PLZ\"\">\n    <\/div>\n    <div class=\"form-group-10\">\n        <label for=\"village\">Ort*<\/label>\n        <input type=\"text\" name=\"village\" id=\"village\" required data-name=\"Ort\"\">\n    <\/div>\n<\/div>\n<div class=\"form-row\">\n    <div class=\"form-group-6\">\n        <label for=\"phone\">Telefon*<\/label>\n        <input type=\"tel\" name=\"phone\" id=\"phone\" required data-name=\"Telefon\"\">\n    <\/div>\n    <div class=\"form-group-6\">\n        <label for=\"email\">E-Mail*<\/label>\n        <input type=\"email\" name=\"email\" id=\"email\" required data-name=\"E-Mail\"\">\n    <\/div>\n<\/div>\n<div class=\"form-row\">\n    <div class=\"form-group\">\n        <label for=\"notes\">Anmerkungen\/Infos<\/label>\n        <textarea name=\"notes\" id=\"notes\" rows=\"8\" data-name=\"Anmerkungen\/Infos\"\"><\/textarea>\n    <\/div>\n<\/div>\n<div class=\"form-row\">\n    <div class=\"form-group\">\n        <input type=\"checkbox\" name=\"callback\" id=\"callback\" data-name=\"Bitte um R\u00fcckruf\">\n        <label for=\"callback\">Bitte um R\u00fcckruf<\/label>\n        <div class=\"mandatory-note\">*PFLICHTFELDER<\/div>\n    <\/div>\n<\/div>\n                    <div class=\"form-row\">\n                        <div class=\"form-group\">\n                            <input type=\"checkbox\" name=\"gdpr\" id=\"gdpr\" data-name=\"Datenschutz best\u00e4tigt\" required>\n                            <label for=\"gdpr\" style=\"font-size: 12px\">*Ich erkl\u00e4re mich einverstanden, dass meine eingegebenen Daten verwendet und gespeichert werden. Diese werden nicht an Dritte weitergegeben. Weitere Informationen finden Sie in der <a href=\"https:\/\/weiss-busreisen.at\/de\/event-tickets\/\">Datenschutzerkl\u00e4rung<\/a><\/label>\n                        <\/div>\n                    <\/div>\n\n                    <button type=\"submit\" class=\"sf-button sf-button-black sf-button-block\">\n                        Anfrage abschicken                        <i class=\"fa fa-chevron-right\"><\/i>\n                        <i class=\"fa fa-spinner fa-spin\"><\/i>\n                    <\/button>\n                <\/form>\n            <\/div>\n            \n\n    <\/div>\n\n\n\r\n\r\n<style>\n#sf-area-a80791d35e33acf2342b7038fbdadc9a h2, #sf-area-a80791d35e33acf2342b7038fbdadc9a p {\n    color: #ffffff !important;\n}\n#sf-area-a80791d35e33acf2342b7038fbdadc9a hr:after {\n    border-color: #ffffff !important;\n}<\/style>\n<div class=\"sf-area  type-image\" id=\"sf-area-a80791d35e33acf2342b7038fbdadc9a\" style=\"background: url(https:\/\/weiss-busreisen.at\/wp-content\/uploads\/2022\/05\/weiss_foto_02.webp)\">\n    \n\n<h2 class=\"has-text-align-center wp-block-heading\" id=\"nachhaltig-reisen\">EVENT-TICKETS<\/h2>\n\n\n\n<p class=\"has-text-align-center\">Als echte Reise-Profis verf\u00fcgen wir \u00fcber Kontakte zu allen wichtigen Veranstaltern von Konzerten und Co, empfehlen Ihnen preiswerte Unterk\u00fcnfte und k\u00fcmmern uns obendrein noch um Ihre Tickets. Egal, wie lange das Event auch dauert \u2013 wir bringen Sie sicher wieder nach Hause.\u00a0<\/p>\n\n\n\n<hr class=\"wp-block-separator has-css-opacity\"\/>\n\n\n    <\/div>\n","protected":false},"excerpt":{"rendered":"","protected":false},"author":3,"featured_media":0,"parent":0,"menu_order":13,"comment_status":"closed","ping_status":"closed","template":"","meta":{"_acf_changed":false,"footnotes":""},"class_list":["post-28","page","type-page","status-publish","hentry"],"acf":[],"yoast_head":"<!-- This site is optimized with the Yoast SEO plugin v27.5 - https:\/\/yoast.com\/product\/yoast-seo-wordpress\/ -->\n<title>Event-Tickets - Weiss Busreisen<\/title>\n<meta name=\"description\" content=\"Wir bringen Sie nicht nur sicher an das Event, sondern k\u00fcmmern uns auch gerne um die Ticketabwicklung oder Unterk\u00fcnfte zu besten Preisen!\" \/>\n<meta name=\"robots\" content=\"index, follow, max-snippet:-1, max-image-preview:large, max-video-preview:-1\" \/>\n<link rel=\"canonical\" href=\"https:\/\/weiss-busreisen.at\/de\/event-tickets\/\" \/>\n<meta property=\"og:locale\" content=\"de_DE\" \/>\n<meta property=\"og:type\" content=\"article\" \/>\n<meta property=\"og:title\" content=\"Event-Tickets - Weiss Busreisen\" \/>\n<meta property=\"og:description\" content=\"Wir bringen Sie nicht nur sicher an das Event, sondern k\u00fcmmern uns auch gerne um die Ticketabwicklung oder Unterk\u00fcnfte zu besten Preisen!\" \/>\n<meta property=\"og:url\" content=\"https:\/\/weiss-busreisen.at\/de\/event-tickets\/\" \/>\n<meta property=\"og:site_name\" content=\"Weiss Busreisen\" \/>\n<meta property=\"article:modified_time\" content=\"2026-04-21T07:55:44+00:00\" \/>\n<meta property=\"og:image\" content=\"https:\/\/weiss-busreisen.at\/wp-content\/uploads\/2021\/09\/icon-eventtickets.png\" \/>\n\t<meta property=\"og:image:width\" content=\"89\" \/>\n\t<meta property=\"og:image:height\" content=\"72\" \/>\n\t<meta property=\"og:image:type\" content=\"image\/png\" \/>\n<meta name=\"twitter:card\" content=\"summary_large_image\" \/>\n<meta name=\"twitter:label1\" content=\"Gesch\u00e4tzte Lesezeit\" \/>\n\t<meta name=\"twitter:data1\" content=\"1\u00a0Minute\" \/>\n<script type=\"application\/ld+json\" class=\"yoast-schema-graph\">{\"@context\":\"https:\\\/\\\/schema.org\",\"@graph\":[{\"@type\":\"WebPage\",\"@id\":\"https:\\\/\\\/weiss-busreisen.at\\\/de\\\/event-tickets\\\/\",\"url\":\"https:\\\/\\\/weiss-busreisen.at\\\/de\\\/event-tickets\\\/\",\"name\":\"Event-Tickets - Weiss Busreisen\",\"isPartOf\":{\"@id\":\"https:\\\/\\\/weiss-busreisen.at\\\/de\\\/#website\"},\"primaryImageOfPage\":{\"@id\":\"https:\\\/\\\/weiss-busreisen.at\\\/de\\\/event-tickets\\\/#primaryimage\"},\"image\":{\"@id\":\"https:\\\/\\\/weiss-busreisen.at\\\/de\\\/event-tickets\\\/#primaryimage\"},\"thumbnailUrl\":\"https:\\\/\\\/weiss-busreisen.at\\\/wp-content\\\/uploads\\\/2021\\\/09\\\/icon-eventtickets.png\",\"datePublished\":\"2021-08-02T21:47:28+00:00\",\"dateModified\":\"2026-04-21T07:55:44+00:00\",\"description\":\"Wir bringen Sie nicht nur sicher an das Event, sondern k\u00fcmmern uns auch gerne um die Ticketabwicklung oder Unterk\u00fcnfte zu besten Preisen!\",\"inLanguage\":\"de\",\"potentialAction\":[{\"@type\":\"ReadAction\",\"target\":[\"https:\\\/\\\/weiss-busreisen.at\\\/de\\\/event-tickets\\\/\"]}]},{\"@type\":\"ImageObject\",\"inLanguage\":\"de\",\"@id\":\"https:\\\/\\\/weiss-busreisen.at\\\/de\\\/event-tickets\\\/#primaryimage\",\"url\":\"https:\\\/\\\/weiss-busreisen.at\\\/wp-content\\\/uploads\\\/2021\\\/09\\\/icon-eventtickets.png\",\"contentUrl\":\"https:\\\/\\\/weiss-busreisen.at\\\/wp-content\\\/uploads\\\/2021\\\/09\\\/icon-eventtickets.png\"},{\"@type\":\"WebSite\",\"@id\":\"https:\\\/\\\/weiss-busreisen.at\\\/de\\\/#website\",\"url\":\"https:\\\/\\\/weiss-busreisen.at\\\/de\\\/\",\"name\":\"Weiss Busreisen\",\"description\":\"\",\"potentialAction\":[{\"@type\":\"SearchAction\",\"target\":{\"@type\":\"EntryPoint\",\"urlTemplate\":\"https:\\\/\\\/weiss-busreisen.at\\\/de\\\/?s={search_term_string}\"},\"query-input\":{\"@type\":\"PropertyValueSpecification\",\"valueRequired\":true,\"valueName\":\"search_term_string\"}}],\"inLanguage\":\"de\"}]}<\/script>\n<!-- \/ Yoast SEO plugin. -->","yoast_head_json":{"title":"Event-Tickets - Weiss Busreisen","description":"Wir bringen Sie nicht nur sicher an das Event, sondern k\u00fcmmern uns auch gerne um die Ticketabwicklung oder Unterk\u00fcnfte zu besten Preisen!","robots":{"index":"index","follow":"follow","max-snippet":"max-snippet:-1","max-image-preview":"max-image-preview:large","max-video-preview":"max-video-preview:-1"},"canonical":"https:\/\/weiss-busreisen.at\/de\/event-tickets\/","og_locale":"de_DE","og_type":"article","og_title":"Event-Tickets - Weiss Busreisen","og_description":"Wir bringen Sie nicht nur sicher an das Event, sondern k\u00fcmmern uns auch gerne um die Ticketabwicklung oder Unterk\u00fcnfte zu besten Preisen!","og_url":"https:\/\/weiss-busreisen.at\/de\/event-tickets\/","og_site_name":"Weiss Busreisen","article_modified_time":"2026-04-21T07:55:44+00:00","og_image":[{"width":89,"height":72,"url":"https:\/\/weiss-busreisen.at\/wp-content\/uploads\/2021\/09\/icon-eventtickets.png","type":"image\/png"}],"twitter_card":"summary_large_image","twitter_misc":{"Gesch\u00e4tzte Lesezeit":"1\u00a0Minute"},"schema":{"@context":"https:\/\/schema.org","@graph":[{"@type":"WebPage","@id":"https:\/\/weiss-busreisen.at\/de\/event-tickets\/","url":"https:\/\/weiss-busreisen.at\/de\/event-tickets\/","name":"Event-Tickets - Weiss Busreisen","isPartOf":{"@id":"https:\/\/weiss-busreisen.at\/de\/#website"},"primaryImageOfPage":{"@id":"https:\/\/weiss-busreisen.at\/de\/event-tickets\/#primaryimage"},"image":{"@id":"https:\/\/weiss-busreisen.at\/de\/event-tickets\/#primaryimage"},"thumbnailUrl":"https:\/\/weiss-busreisen.at\/wp-content\/uploads\/2021\/09\/icon-eventtickets.png","datePublished":"2021-08-02T21:47:28+00:00","dateModified":"2026-04-21T07:55:44+00:00","description":"Wir bringen Sie nicht nur sicher an das Event, sondern k\u00fcmmern uns auch gerne um die Ticketabwicklung oder Unterk\u00fcnfte zu besten Preisen!","inLanguage":"de","potentialAction":[{"@type":"ReadAction","target":["https:\/\/weiss-busreisen.at\/de\/event-tickets\/"]}]},{"@type":"ImageObject","inLanguage":"de","@id":"https:\/\/weiss-busreisen.at\/de\/event-tickets\/#primaryimage","url":"https:\/\/weiss-busreisen.at\/wp-content\/uploads\/2021\/09\/icon-eventtickets.png","contentUrl":"https:\/\/weiss-busreisen.at\/wp-content\/uploads\/2021\/09\/icon-eventtickets.png"},{"@type":"WebSite","@id":"https:\/\/weiss-busreisen.at\/de\/#website","url":"https:\/\/weiss-busreisen.at\/de\/","name":"Weiss Busreisen","description":"","potentialAction":[{"@type":"SearchAction","target":{"@type":"EntryPoint","urlTemplate":"https:\/\/weiss-busreisen.at\/de\/?s={search_term_string}"},"query-input":{"@type":"PropertyValueSpecification","valueRequired":true,"valueName":"search_term_string"}}],"inLanguage":"de"}]}},"_links":{"self":[{"href":"https:\/\/weiss-busreisen.at\/de\/wp-json\/wp\/v2\/pages\/28","targetHints":{"allow":["GET"]}}],"collection":[{"href":"https:\/\/weiss-busreisen.at\/de\/wp-json\/wp\/v2\/pages"}],"about":[{"href":"https:\/\/weiss-busreisen.at\/de\/wp-json\/wp\/v2\/types\/page"}],"author":[{"embeddable":true,"href":"https:\/\/weiss-busreisen.at\/de\/wp-json\/wp\/v2\/users\/3"}],"replies":[{"embeddable":true,"href":"https:\/\/weiss-busreisen.at\/de\/wp-json\/wp\/v2\/comments?post=28"}],"version-history":[{"count":5,"href":"https:\/\/weiss-busreisen.at\/de\/wp-json\/wp\/v2\/pages\/28\/revisions"}],"predecessor-version":[{"id":8401,"href":"https:\/\/weiss-busreisen.at\/de\/wp-json\/wp\/v2\/pages\/28\/revisions\/8401"}],"wp:attachment":[{"href":"https:\/\/weiss-busreisen.at\/de\/wp-json\/wp\/v2\/media?parent=28"}],"curies":[{"name":"wp","href":"https:\/\/api.w.org\/{rel}","templated":true}]}}