{"id":2900,"date":"2022-08-03T14:17:32","date_gmt":"2022-08-03T14:17:32","guid":{"rendered":"https:\/\/weiss-busreisen.at\/?page_id=2900"},"modified":"2026-04-21T08:56:21","modified_gmt":"2026-04-21T07:56:21","slug":"karriere-jobs","status":"publish","type":"page","link":"https:\/\/weiss-busreisen.at\/de\/wissenswertes\/karriere-jobs\/","title":{"rendered":"Karriere &#8211; JOBS"},"content":{"rendered":"\n<div style=\"height:100px\" aria-hidden=\"true\" class=\"wp-block-spacer\"><\/div>\n\n\n\n<h2 class=\"wp-block-heading\">Ihr job in einem der bekanntesten Busunternehmen \u00f6sterreichs<\/h2>\n\n\n\n<p>Mit rund 40 Mitarbeitern und 40 modernen Bussen z\u00e4hlt Weiss zu den bekanntesten und erfolgreichsten Busunternehmen in der S\u00fcdsteiermark. Neben dem t\u00e4glichen Linienverkehr ist die Organisation von Schul- und Gruppenreisen unser klares Steckenpferd. Bereits seit 1921 bringen wir unsere Kundinnen und Kunden sicher und komfortabel an ihre Wunschdestinationen und zaubern ihnen so stets ein L\u00e4cheln ins Gesicht.&nbsp;<\/p>\n\n\n\n<div style=\"height:20px\" aria-hidden=\"true\" class=\"wp-block-spacer\"><\/div>\n\n\n\n<p><strong>KOMMEN SIE IN UNSER TEAM!<\/strong><\/p>\n\n\n\n<p>Willst auch du Teil eines dynamischen, famili\u00e4r-gef\u00fchrten Teams sein, als Busfahrer\/in den exklusiven Platz in der ersten Reihe einnehmen oder als Reiseb\u00fcro-Fachkraft die Drehscheibe bei der Organisation von Reisen sein?&nbsp;<\/p>\n\n\n\n<p>Dann freuen wir uns \u00fcber deine Bewerbungsunterlagen (Lebenslauf, Foto, Zeugnisse,Motivationsschreiben) an:&nbsp;<br><a href=\"mailto:office@weiss-busreisen.at\">martina@weiss-busreisen.at<\/a><\/p>\n\n\n\n<div style=\"height:100px\" aria-hidden=\"true\" class=\"wp-block-spacer\"><\/div>\n\n\n\n<h1 class=\"wp-block-heading\">UNSERE OFFENE STELLEN<\/h1>\n\n\n\n<div style=\"height:100px\" aria-hidden=\"true\" class=\"wp-block-spacer\"><\/div>\n\n\n<style>\n<\/style>\n<div class=\"sf-area  box\" id=\"sf-area-1642699e95a7357c0d1d64f4e46ae069\" style=\"\">\n    \n\n<div class=\"wp-block-columns is-layout-flex wp-container-core-columns-is-layout-9d6595d7 wp-block-columns-is-layout-flex\">\n<div class=\"wp-block-column is-layout-flow wp-block-column-is-layout-flow\"><style>\n<\/style>\n<div class=\"sf-area \" id=\"sf-area-9847a36c2fe94ab35aa48c0471f5f9dc\" style=\"\">\n    \n\n<h2 class=\"wp-block-heading has-text-align-center\"><a href=\"https:\/\/weiss-busreisen.at\/de\/wissenswertes\/karriere\/busfahrer-in\/\">Mitarbeiter\/in als Busfahrer\/in<br>(m\/w\/d)<\/a><\/h2>\n\n\n\n<hr class=\"wp-block-separator has-alpha-channel-opacity is-style-wide\"\/>\n\n\n\n<p class=\"has-text-align-center\">Sie wollen beruflich in der 1. Reihe sitzen? Dann nehmen Sie das Ruder in die Hand und bewerben Sie sich jetzt!<\/p>\n\n\n    <\/div>\n<\/div>\n\n\n\n<div class=\"wp-block-column is-layout-flow wp-block-column-is-layout-flow\"><style>\n<\/style>\n<div class=\"sf-area \" id=\"sf-area-b8d2c6e720376f057102dc252b92a6f0\" style=\"\">\n    \n\n<h2 class=\"wp-block-heading has-text-align-center\"><a href=\"https:\/\/weiss-busreisen.at\/de\/wissenswertes\/karriere\/reise-buerofachkraft\/\">Mitarbeiter\/in als Reiseb\u00fcrofachkraft<br>(m\/w\/d)<\/a><\/h2>\n\n\n\n<hr class=\"wp-block-separator has-alpha-channel-opacity is-style-wide\"\/>\n\n\n\n<p class=\"has-text-align-center\">Reisen ist Ihre Leidenschaft? &#8211; Organisation Ihr Talent? Dann bewerben Sie sich jetzt!<\/p>\n\n\n    <\/div>\n<\/div>\n\n\n\n<div class=\"wp-block-column is-layout-flow wp-block-column-is-layout-flow\"><style>\n<\/style>\n<div class=\"sf-area \" id=\"sf-area-670f07ce13cf490d67fbcdb930004913\" style=\"\">\n    \n\n<h2 class=\"wp-block-heading has-text-align-center\"><a href=\"https:\/\/weiss-busreisen.at\/de\/wissenswertes\/karriere\/schulbusfahrer-in\/\">Mitarbeiter\/IN als Schulbusfahrer\/in (m\/w\/d)<\/a><\/h2>\n\n\n\n<hr class=\"wp-block-separator has-alpha-channel-opacity is-style-wide\"\/>\n\n\n\n<p class=\"has-text-align-center\">Reisen ist Ihre Leidenschaft? &#8211; Organisation Ihr Talent? Dann bewerben Sie sich jetzt!<\/p>\n\n\n    <\/div>\n<\/div>\n<\/div>\n\n\n    <\/div>\n","protected":false},"excerpt":{"rendered":"<p>Ihr job in einem der bekanntesten Busunternehmen \u00f6sterreichs Mit rund 40 Mitarbeitern und 40 modernen Bussen z\u00e4hlt Weiss zu den bekanntesten und erfolgreichsten Busunternehmen in der S\u00fcdsteiermark. Neben dem t\u00e4glichen Linienverkehr ist die Organisation von Schul- und Gruppenreisen unser klares Steckenpferd. Bereits seit 1921 bringen wir unsere Kundinnen und Kunden sicher und komfortabel an ihre [&hellip;]<\/p>\n","protected":false},"author":3,"featured_media":0,"parent":36,"menu_order":22,"comment_status":"closed","ping_status":"closed","template":"","meta":{"_acf_changed":false,"footnotes":""},"class_list":["post-2900","page","type-page","status-publish","hentry"],"acf":[],"yoast_head":"<!-- This site is optimized with the Yoast SEO plugin v27.5 - https:\/\/yoast.com\/product\/yoast-seo-wordpress\/ -->\n<title>Karriere - JOBS - Weiss Busreisen<\/title>\n<meta name=\"description\" content=\"Finden Sie Ihren Traumjob bei Weiss! Sehen Sie sich unsere verlockenden Jobausschreibungen als Reiseb\u00fcrofachkraft, Schul- oder Busfahrer an.\" \/>\n<meta name=\"robots\" content=\"index, follow, max-snippet:-1, max-image-preview:large, max-video-preview:-1\" \/>\n<link rel=\"canonical\" href=\"https:\/\/weiss-busreisen.at\/de\/wissenswertes\/karriere-jobs\/\" \/>\n<meta property=\"og:locale\" content=\"de_DE\" \/>\n<meta property=\"og:type\" content=\"article\" \/>\n<meta property=\"og:title\" content=\"Karriere - JOBS - Weiss Busreisen\" \/>\n<meta property=\"og:description\" content=\"Finden Sie Ihren Traumjob bei Weiss! Sehen Sie sich unsere verlockenden Jobausschreibungen als Reiseb\u00fcrofachkraft, Schul- oder Busfahrer an.\" \/>\n<meta property=\"og:url\" content=\"https:\/\/weiss-busreisen.at\/de\/wissenswertes\/karriere-jobs\/\" \/>\n<meta property=\"og:site_name\" content=\"Weiss Busreisen\" \/>\n<meta property=\"article:modified_time\" content=\"2026-04-21T07:56:21+00:00\" \/>\n<meta name=\"twitter:card\" content=\"summary_large_image\" \/>\n<meta name=\"twitter:label1\" content=\"Gesch\u00e4tzte Lesezeit\" \/>\n\t<meta name=\"twitter:data1\" content=\"1\u00a0Minute\" \/>\n<script type=\"application\/ld+json\" class=\"yoast-schema-graph\">{\"@context\":\"https:\\\/\\\/schema.org\",\"@graph\":[{\"@type\":\"WebPage\",\"@id\":\"https:\\\/\\\/weiss-busreisen.at\\\/de\\\/wissenswertes\\\/karriere-jobs\\\/\",\"url\":\"https:\\\/\\\/weiss-busreisen.at\\\/de\\\/wissenswertes\\\/karriere-jobs\\\/\",\"name\":\"Karriere - JOBS - Weiss Busreisen\",\"isPartOf\":{\"@id\":\"https:\\\/\\\/weiss-busreisen.at\\\/de\\\/#website\"},\"datePublished\":\"2022-08-03T14:17:32+00:00\",\"dateModified\":\"2026-04-21T07:56:21+00:00\",\"description\":\"Finden Sie Ihren Traumjob bei Weiss! Sehen Sie sich unsere verlockenden Jobausschreibungen als Reiseb\u00fcrofachkraft, Schul- oder Busfahrer an.\",\"breadcrumb\":{\"@id\":\"https:\\\/\\\/weiss-busreisen.at\\\/de\\\/wissenswertes\\\/karriere-jobs\\\/#breadcrumb\"},\"inLanguage\":\"de\",\"potentialAction\":[{\"@type\":\"ReadAction\",\"target\":[\"https:\\\/\\\/weiss-busreisen.at\\\/de\\\/wissenswertes\\\/karriere-jobs\\\/\"]}]},{\"@type\":\"BreadcrumbList\",\"@id\":\"https:\\\/\\\/weiss-busreisen.at\\\/de\\\/wissenswertes\\\/karriere-jobs\\\/#breadcrumb\",\"itemListElement\":[{\"@type\":\"ListItem\",\"position\":1,\"name\":\"Wissenswertes\",\"item\":\"https:\\\/\\\/weiss-busreisen.at\\\/de\\\/wissenswertes\\\/\"},{\"@type\":\"ListItem\",\"position\":2,\"name\":\"Karriere &#8211; JOBS\"}]},{\"@type\":\"WebSite\",\"@id\":\"https:\\\/\\\/weiss-busreisen.at\\\/de\\\/#website\",\"url\":\"https:\\\/\\\/weiss-busreisen.at\\\/de\\\/\",\"name\":\"Weiss Busreisen\",\"description\":\"\",\"potentialAction\":[{\"@type\":\"SearchAction\",\"target\":{\"@type\":\"EntryPoint\",\"urlTemplate\":\"https:\\\/\\\/weiss-busreisen.at\\\/de\\\/?s={search_term_string}\"},\"query-input\":{\"@type\":\"PropertyValueSpecification\",\"valueRequired\":true,\"valueName\":\"search_term_string\"}}],\"inLanguage\":\"de\"}]}<\/script>\n<!-- \/ Yoast SEO plugin. -->","yoast_head_json":{"title":"Karriere - JOBS - Weiss Busreisen","description":"Finden Sie Ihren Traumjob bei Weiss! Sehen Sie sich unsere verlockenden Jobausschreibungen als Reiseb\u00fcrofachkraft, Schul- oder Busfahrer an.","robots":{"index":"index","follow":"follow","max-snippet":"max-snippet:-1","max-image-preview":"max-image-preview:large","max-video-preview":"max-video-preview:-1"},"canonical":"https:\/\/weiss-busreisen.at\/de\/wissenswertes\/karriere-jobs\/","og_locale":"de_DE","og_type":"article","og_title":"Karriere - JOBS - Weiss Busreisen","og_description":"Finden Sie Ihren Traumjob bei Weiss! Sehen Sie sich unsere verlockenden Jobausschreibungen als Reiseb\u00fcrofachkraft, Schul- oder Busfahrer an.","og_url":"https:\/\/weiss-busreisen.at\/de\/wissenswertes\/karriere-jobs\/","og_site_name":"Weiss Busreisen","article_modified_time":"2026-04-21T07:56:21+00:00","twitter_card":"summary_large_image","twitter_misc":{"Gesch\u00e4tzte Lesezeit":"1\u00a0Minute"},"schema":{"@context":"https:\/\/schema.org","@graph":[{"@type":"WebPage","@id":"https:\/\/weiss-busreisen.at\/de\/wissenswertes\/karriere-jobs\/","url":"https:\/\/weiss-busreisen.at\/de\/wissenswertes\/karriere-jobs\/","name":"Karriere - JOBS - Weiss Busreisen","isPartOf":{"@id":"https:\/\/weiss-busreisen.at\/de\/#website"},"datePublished":"2022-08-03T14:17:32+00:00","dateModified":"2026-04-21T07:56:21+00:00","description":"Finden Sie Ihren Traumjob bei Weiss! Sehen Sie sich unsere verlockenden Jobausschreibungen als Reiseb\u00fcrofachkraft, Schul- oder Busfahrer an.","breadcrumb":{"@id":"https:\/\/weiss-busreisen.at\/de\/wissenswertes\/karriere-jobs\/#breadcrumb"},"inLanguage":"de","potentialAction":[{"@type":"ReadAction","target":["https:\/\/weiss-busreisen.at\/de\/wissenswertes\/karriere-jobs\/"]}]},{"@type":"BreadcrumbList","@id":"https:\/\/weiss-busreisen.at\/de\/wissenswertes\/karriere-jobs\/#breadcrumb","itemListElement":[{"@type":"ListItem","position":1,"name":"Wissenswertes","item":"https:\/\/weiss-busreisen.at\/de\/wissenswertes\/"},{"@type":"ListItem","position":2,"name":"Karriere &#8211; JOBS"}]},{"@type":"WebSite","@id":"https:\/\/weiss-busreisen.at\/de\/#website","url":"https:\/\/weiss-busreisen.at\/de\/","name":"Weiss Busreisen","description":"","potentialAction":[{"@type":"SearchAction","target":{"@type":"EntryPoint","urlTemplate":"https:\/\/weiss-busreisen.at\/de\/?s={search_term_string}"},"query-input":{"@type":"PropertyValueSpecification","valueRequired":true,"valueName":"search_term_string"}}],"inLanguage":"de"}]}},"_links":{"self":[{"href":"https:\/\/weiss-busreisen.at\/de\/wp-json\/wp\/v2\/pages\/2900","targetHints":{"allow":["GET"]}}],"collection":[{"href":"https:\/\/weiss-busreisen.at\/de\/wp-json\/wp\/v2\/pages"}],"about":[{"href":"https:\/\/weiss-busreisen.at\/de\/wp-json\/wp\/v2\/types\/page"}],"author":[{"embeddable":true,"href":"https:\/\/weiss-busreisen.at\/de\/wp-json\/wp\/v2\/users\/3"}],"replies":[{"embeddable":true,"href":"https:\/\/weiss-busreisen.at\/de\/wp-json\/wp\/v2\/comments?post=2900"}],"version-history":[{"count":5,"href":"https:\/\/weiss-busreisen.at\/de\/wp-json\/wp\/v2\/pages\/2900\/revisions"}],"predecessor-version":[{"id":8405,"href":"https:\/\/weiss-busreisen.at\/de\/wp-json\/wp\/v2\/pages\/2900\/revisions\/8405"}],"up":[{"embeddable":true,"href":"https:\/\/weiss-busreisen.at\/de\/wp-json\/wp\/v2\/pages\/36"}],"wp:attachment":[{"href":"https:\/\/weiss-busreisen.at\/de\/wp-json\/wp\/v2\/media?parent=2900"}],"curies":[{"name":"wp","href":"https:\/\/api.w.org\/{rel}","templated":true}]}}