{"id":54,"date":"2021-08-02T21:53:51","date_gmt":"2021-08-02T21:53:51","guid":{"rendered":"https:\/\/weiss.int.sf.loc\/?page_id=54"},"modified":"2026-04-21T08:56:16","modified_gmt":"2026-04-21T07:56:16","slug":"team","status":"publish","type":"page","link":"https:\/\/weiss-busreisen.at\/de\/wissenswertes\/team\/","title":{"rendered":"Team"},"content":{"rendered":"<style>\n<\/style>\n<div class=\"sf-area  type-color\" id=\"sf-area-c060e07ba2acd99abe17d0381f010471\" style=\"background: #e5e5e5\">\n    \n\n<h2 class=\"wp-block-heading has-text-align-center\">Wir sind f\u00fcr sie da<\/h2>\n\n\n\n<p class=\"has-text-align-center\">Unser Beratungsteam k\u00fcmmert sich gerne um Ihre Anliegen und W\u00fcnsche.<\/p>\n\n\n\n<hr class=\"wp-block-separator has-css-opacity\"\/>\n\n\n<ul class=\"sf-person-list\">\n        <li>\n        <div class=\"inner\">\n            <div class=\"image\" style=\"background-image:url(https:\/\/weiss-busreisen.at\/wp-content\/uploads\/2021\/09\/R2A9719-e1631868479848.jpg)\"><\/div>\n            <div class=\"content\">\n                <div class=\"role\">Gesch\u00e4ftsf\u00fchrung<\/div>\n                <div class=\"name\">Jakob Schl\u00f6gl<\/div>\n                <div class=\"contact\">\n                                            <a class=\"email\" href=\"mailto:jakob@weiss-busreisen.at\">\n                            <i class=\"fa fa-envelope\"><\/i>\n                            <span>jakob@weiss-busreisen.at<\/span>\n                        <\/a>\n                                                                <a class=\"phone\" href=\"tel:+43 3183 84 44-21\">\n                            <i class=\"fa fa-phone-office\"><\/i>\n                            <span>+43 3183 84 44-21<\/span>\n                        <\/a>\n                                    <\/div>\n            <\/div>\n        <\/div>\n    <\/li>\n        <li>\n        <div class=\"inner\">\n            <div class=\"image\" style=\"background-image:url(https:\/\/weiss-busreisen.at\/wp-content\/uploads\/2021\/08\/Martina1-479x479-1.jpg)\"><\/div>\n            <div class=\"content\">\n                <div class=\"role\">LINIENVERKEHR &#038; BUSANMIETUNG<\/div>\n                <div class=\"name\">Martina Altenburger<\/div>\n                <div class=\"contact\">\n                                            <a class=\"email\" href=\"mailto:martina@weiss-busreisen.at\">\n                            <i class=\"fa fa-envelope\"><\/i>\n                            <span>martina@weiss-busreisen.at<\/span>\n                        <\/a>\n                                                                <a class=\"phone\" href=\"tel:+43 3183 84 44-18\">\n                            <i class=\"fa fa-phone-office\"><\/i>\n                            <span>+43 3183 84 44-18<\/span>\n                        <\/a>\n                                    <\/div>\n            <\/div>\n        <\/div>\n    <\/li>\n        <li>\n        <div class=\"inner\">\n            <div class=\"image\" style=\"background-image:url(https:\/\/weiss-busreisen.at\/wp-content\/uploads\/2021\/08\/Franz-1-479x479-1.jpg)\"><\/div>\n            <div class=\"content\">\n                <div class=\"role\">SPEZIALIST F\u00dcR JEGLICHE BUSANMIETUNG<\/div>\n                <div class=\"name\">Franz \u00dcberbacher<\/div>\n                <div class=\"contact\">\n                                            <a class=\"email\" href=\"mailto:franz@weiss-busreisen.at\">\n                            <i class=\"fa fa-envelope\"><\/i>\n                            <span>franz@weiss-busreisen.at<\/span>\n                        <\/a>\n                                                                <a class=\"phone\" href=\"tel:+43 3183 84 44-14\">\n                            <i class=\"fa fa-phone-office\"><\/i>\n                            <span>+43 3183 84 44-14<\/span>\n                        <\/a>\n                                    <\/div>\n            <\/div>\n        <\/div>\n    <\/li>\n        <li>\n        <div class=\"inner\">\n            <div class=\"image\" style=\"background-image:url(https:\/\/weiss-busreisen.at\/wp-content\/uploads\/2021\/08\/Sieglinde-1.jpg)\"><\/div>\n            <div class=\"content\">\n                <div class=\"role\">SPEZIALISTIN F\u00dcR GRUPPENREISEN<\/div>\n                <div class=\"name\">Sieglinde Raumberger<\/div>\n                <div class=\"contact\">\n                                            <a class=\"email\" href=\"mailto:sieglinde@weiss-busreisen.at\">\n                            <i class=\"fa fa-envelope\"><\/i>\n                            <span>sieglinde@weiss-busreisen.at<\/span>\n                        <\/a>\n                                                                <a class=\"phone\" href=\"tel:+43 3183 84 44-11\">\n                            <i class=\"fa fa-phone-office\"><\/i>\n                            <span>+43 3183 84 44-11<\/span>\n                        <\/a>\n                                    <\/div>\n            <\/div>\n        <\/div>\n    <\/li>\n    <\/ul>\n\n\n    <\/div>\n","protected":false},"excerpt":{"rendered":"","protected":false},"author":3,"featured_media":0,"parent":36,"menu_order":19,"comment_status":"closed","ping_status":"closed","template":"","meta":{"_acf_changed":false,"footnotes":""},"class_list":["post-54","page","type-page","status-publish","hentry"],"acf":[],"yoast_head":"<!-- This site is optimized with the Yoast SEO plugin v27.5 - https:\/\/yoast.com\/product\/yoast-seo-wordpress\/ -->\n<title>Team - Weiss Busreisen<\/title>\n<meta name=\"description\" content=\"Hier finden Sie alles \u00fcber unter Team! Auf dieser Seite k\u00f6nnen Sie Informationen \u00fcber unsere Teammitglieder erfahren.\" \/>\n<meta name=\"robots\" content=\"index, follow, max-snippet:-1, max-image-preview:large, max-video-preview:-1\" \/>\n<link rel=\"canonical\" href=\"https:\/\/weiss-busreisen.at\/de\/wissenswertes\/team\/\" \/>\n<meta property=\"og:locale\" content=\"de_DE\" \/>\n<meta property=\"og:type\" content=\"article\" \/>\n<meta property=\"og:title\" content=\"Team - Weiss Busreisen\" \/>\n<meta property=\"og:description\" content=\"Hier finden Sie alles \u00fcber unter Team! Auf dieser Seite k\u00f6nnen Sie Informationen \u00fcber unsere Teammitglieder erfahren.\" \/>\n<meta property=\"og:url\" content=\"https:\/\/weiss-busreisen.at\/de\/wissenswertes\/team\/\" \/>\n<meta property=\"og:site_name\" content=\"Weiss Busreisen\" \/>\n<meta property=\"article:modified_time\" content=\"2026-04-21T07:56:16+00:00\" \/>\n<meta name=\"twitter:card\" content=\"summary_large_image\" \/>\n<meta name=\"twitter:label1\" content=\"Gesch\u00e4tzte Lesezeit\" \/>\n\t<meta name=\"twitter:data1\" content=\"1\u00a0Minute\" \/>\n<script type=\"application\/ld+json\" class=\"yoast-schema-graph\">{\"@context\":\"https:\\\/\\\/schema.org\",\"@graph\":[{\"@type\":\"WebPage\",\"@id\":\"https:\\\/\\\/weiss-busreisen.at\\\/de\\\/wissenswertes\\\/team\\\/\",\"url\":\"https:\\\/\\\/weiss-busreisen.at\\\/de\\\/wissenswertes\\\/team\\\/\",\"name\":\"Team - Weiss Busreisen\",\"isPartOf\":{\"@id\":\"https:\\\/\\\/weiss-busreisen.at\\\/de\\\/#website\"},\"datePublished\":\"2021-08-02T21:53:51+00:00\",\"dateModified\":\"2026-04-21T07:56:16+00:00\",\"description\":\"Hier finden Sie alles \u00fcber unter Team! Auf dieser Seite k\u00f6nnen Sie Informationen \u00fcber unsere Teammitglieder erfahren.\",\"breadcrumb\":{\"@id\":\"https:\\\/\\\/weiss-busreisen.at\\\/de\\\/wissenswertes\\\/team\\\/#breadcrumb\"},\"inLanguage\":\"de\",\"potentialAction\":[{\"@type\":\"ReadAction\",\"target\":[\"https:\\\/\\\/weiss-busreisen.at\\\/de\\\/wissenswertes\\\/team\\\/\"]}]},{\"@type\":\"BreadcrumbList\",\"@id\":\"https:\\\/\\\/weiss-busreisen.at\\\/de\\\/wissenswertes\\\/team\\\/#breadcrumb\",\"itemListElement\":[{\"@type\":\"ListItem\",\"position\":1,\"name\":\"Wissenswertes\",\"item\":\"https:\\\/\\\/weiss-busreisen.at\\\/de\\\/wissenswertes\\\/\"},{\"@type\":\"ListItem\",\"position\":2,\"name\":\"Team\"}]},{\"@type\":\"WebSite\",\"@id\":\"https:\\\/\\\/weiss-busreisen.at\\\/de\\\/#website\",\"url\":\"https:\\\/\\\/weiss-busreisen.at\\\/de\\\/\",\"name\":\"Weiss Busreisen\",\"description\":\"\",\"potentialAction\":[{\"@type\":\"SearchAction\",\"target\":{\"@type\":\"EntryPoint\",\"urlTemplate\":\"https:\\\/\\\/weiss-busreisen.at\\\/de\\\/?s={search_term_string}\"},\"query-input\":{\"@type\":\"PropertyValueSpecification\",\"valueRequired\":true,\"valueName\":\"search_term_string\"}}],\"inLanguage\":\"de\"}]}<\/script>\n<!-- \/ Yoast SEO plugin. -->","yoast_head_json":{"title":"Team - Weiss Busreisen","description":"Hier finden Sie alles \u00fcber unter Team! Auf dieser Seite k\u00f6nnen Sie Informationen \u00fcber unsere Teammitglieder erfahren.","robots":{"index":"index","follow":"follow","max-snippet":"max-snippet:-1","max-image-preview":"max-image-preview:large","max-video-preview":"max-video-preview:-1"},"canonical":"https:\/\/weiss-busreisen.at\/de\/wissenswertes\/team\/","og_locale":"de_DE","og_type":"article","og_title":"Team - Weiss Busreisen","og_description":"Hier finden Sie alles \u00fcber unter Team! Auf dieser Seite k\u00f6nnen Sie Informationen \u00fcber unsere Teammitglieder erfahren.","og_url":"https:\/\/weiss-busreisen.at\/de\/wissenswertes\/team\/","og_site_name":"Weiss Busreisen","article_modified_time":"2026-04-21T07:56:16+00:00","twitter_card":"summary_large_image","twitter_misc":{"Gesch\u00e4tzte Lesezeit":"1\u00a0Minute"},"schema":{"@context":"https:\/\/schema.org","@graph":[{"@type":"WebPage","@id":"https:\/\/weiss-busreisen.at\/de\/wissenswertes\/team\/","url":"https:\/\/weiss-busreisen.at\/de\/wissenswertes\/team\/","name":"Team - Weiss Busreisen","isPartOf":{"@id":"https:\/\/weiss-busreisen.at\/de\/#website"},"datePublished":"2021-08-02T21:53:51+00:00","dateModified":"2026-04-21T07:56:16+00:00","description":"Hier finden Sie alles \u00fcber unter Team! Auf dieser Seite k\u00f6nnen Sie Informationen \u00fcber unsere Teammitglieder erfahren.","breadcrumb":{"@id":"https:\/\/weiss-busreisen.at\/de\/wissenswertes\/team\/#breadcrumb"},"inLanguage":"de","potentialAction":[{"@type":"ReadAction","target":["https:\/\/weiss-busreisen.at\/de\/wissenswertes\/team\/"]}]},{"@type":"BreadcrumbList","@id":"https:\/\/weiss-busreisen.at\/de\/wissenswertes\/team\/#breadcrumb","itemListElement":[{"@type":"ListItem","position":1,"name":"Wissenswertes","item":"https:\/\/weiss-busreisen.at\/de\/wissenswertes\/"},{"@type":"ListItem","position":2,"name":"Team"}]},{"@type":"WebSite","@id":"https:\/\/weiss-busreisen.at\/de\/#website","url":"https:\/\/weiss-busreisen.at\/de\/","name":"Weiss Busreisen","description":"","potentialAction":[{"@type":"SearchAction","target":{"@type":"EntryPoint","urlTemplate":"https:\/\/weiss-busreisen.at\/de\/?s={search_term_string}"},"query-input":{"@type":"PropertyValueSpecification","valueRequired":true,"valueName":"search_term_string"}}],"inLanguage":"de"}]}},"_links":{"self":[{"href":"https:\/\/weiss-busreisen.at\/de\/wp-json\/wp\/v2\/pages\/54","targetHints":{"allow":["GET"]}}],"collection":[{"href":"https:\/\/weiss-busreisen.at\/de\/wp-json\/wp\/v2\/pages"}],"about":[{"href":"https:\/\/weiss-busreisen.at\/de\/wp-json\/wp\/v2\/types\/page"}],"author":[{"embeddable":true,"href":"https:\/\/weiss-busreisen.at\/de\/wp-json\/wp\/v2\/users\/3"}],"replies":[{"embeddable":true,"href":"https:\/\/weiss-busreisen.at\/de\/wp-json\/wp\/v2\/comments?post=54"}],"version-history":[{"count":5,"href":"https:\/\/weiss-busreisen.at\/de\/wp-json\/wp\/v2\/pages\/54\/revisions"}],"predecessor-version":[{"id":8404,"href":"https:\/\/weiss-busreisen.at\/de\/wp-json\/wp\/v2\/pages\/54\/revisions\/8404"}],"up":[{"embeddable":true,"href":"https:\/\/weiss-busreisen.at\/de\/wp-json\/wp\/v2\/pages\/36"}],"wp:attachment":[{"href":"https:\/\/weiss-busreisen.at\/de\/wp-json\/wp\/v2\/media?parent=54"}],"curies":[{"name":"wp","href":"https:\/\/api.w.org\/{rel}","templated":true}]}}