{"id":56,"date":"2021-08-02T21:54:04","date_gmt":"2021-08-02T21:54:04","guid":{"rendered":"https:\/\/weiss.int.sf.loc\/?page_id=56"},"modified":"2026-04-21T08:57:27","modified_gmt":"2026-04-21T07:57:27","slug":"geschichte","status":"publish","type":"page","link":"https:\/\/weiss-busreisen.at\/de\/wissenswertes\/geschichte\/","title":{"rendered":"Geschichte"},"content":{"rendered":"\n<p><a href=\"https:\/\/weiss-busreisen.at\/geschaeftsfuehrung\/\"><\/a><\/p>\n\n\n\n<div style=\"height:100px\" aria-hidden=\"true\" class=\"wp-block-spacer\"><\/div>\n\n\n\n<p>Unser Betrieb ist das Busunternehmen in der Steiermark. Gegr\u00fcndet wurde WEISS von Hans Weiss im Jahr 1927 und ist seitdem noch immer im \u201erein steirischem Besitz\u201c.<br>Die ersten Busse des Unternehmens WEISS , welche urspr\u00fcnglich umgebaute Lastaustos waren, deren Chassis einen Busaufbau bekamen, waren im Linienverkehr von Wolfsberg im Schwarzautal \u00fcber Heiligenkreuz am Waasen nach Graz t\u00e4tig. <\/p>\n\n\n\n<div style=\"height:10px\" aria-hidden=\"true\" class=\"wp-block-spacer\"><\/div>\n\n\n\n<p>In den 1950er Jahren begann man Sonderfahrten nach Italien und in den Norden von \u00d6sterreich zu organisieren. Die aktuellen Busmarken zu jener Zeit waren Gr\u00e4f und Stift. 1968 stieg der heutige Inhaber Helmut Schl\u00f6gl, der Enkel des Herrn Weiss, zum ersten Mal in den Betrieb ein, nach kurzen Ausfl\u00fcgen zu anderen Betrieben kam der fixe Einstieg 1971. <\/p>\n\n\n\n<div style=\"height:10px\" aria-hidden=\"true\" class=\"wp-block-spacer\"><\/div>\n\n\n\n<p>Im Jahr 1974 wurde der Betrieb dann von Herrn Helmut Schl\u00f6gl mit 10 Bussen \u00fcbernommen. Anfangs war der Firmensitz noch beim Anwesen Weiss, welches sich knapp hinter den heutigen Garagen befindet. 1978 begann man mit dem Bau des B\u00fcrogeb\u00e4udes, der Garagen mit 14 Abstellpl\u00e4tze f\u00fcr Busse, einer Waschhalle sowie der Werkstatt in St. Georgen an der Stiefing. Daraufhin wurden die Hallen stetig erweitert, vor allem, als man 1992 eine weitere Halle mit Abstellpl\u00e4tze f\u00fcr Busse erbaute. In der Zwischenzeit wurde der Leibnitzer Busunternehmer K\u00f6rver, sowie 1984 das Unternehmen Gruber Reisen, das heute zu den gr\u00f6\u00dften Reiseb\u00fcros \u00d6sterreich geh\u00f6rt, gekauft. <\/p>\n\n\n\n<div style=\"height:10px\" aria-hidden=\"true\" class=\"wp-block-spacer\"><\/div>\n\n\n\n<p>1998 kaufte man einen zweiten Standort in Graz, Puchstra\u00dfe 206a und begann mit dem Bau der Garagen und der Recycling-Waschanlage 1999, auch die Waschanlage in St. Georgen an der Stiefing wurde zu einer Recycling-Waschanlage. 2000 kam dann das Heben der Halle in St. Georgen an der Stiefing, damit die neugekauften Stockbusse mit ihrer enormen H\u00f6he auch Platz finden. <\/p>\n\n\n\n<div style=\"height:10px\" aria-hidden=\"true\" class=\"wp-block-spacer\"><\/div>\n\n\n\n<p>Heute k\u00f6nnen in den Standorten in St. Georgen an der Stiefing und Graz ca. 50 Busse geparkt und gewartet werden. Seit 2006 ist nun der Urenkel des Herrn Hans Weiss, Herr Jakob Schl\u00f6gl im Betrieb und mittlerweile auch als Gesch\u00e4ftsf\u00fchrer t\u00e4tig.<\/p>\n\n\n\n<div style=\"height:61px\" aria-hidden=\"true\" class=\"wp-block-spacer\"><\/div>\n","protected":false},"excerpt":{"rendered":"<p>Unser Betrieb ist das Busunternehmen in der Steiermark. Gegr\u00fcndet wurde WEISS von Hans Weiss im Jahr 1927 und ist seitdem noch immer im \u201erein steirischem Besitz\u201c.Die ersten Busse des Unternehmens WEISS , welche urspr\u00fcnglich umgebaute Lastaustos waren, deren Chassis einen Busaufbau bekamen, waren im Linienverkehr von Wolfsberg im Schwarzautal \u00fcber Heiligenkreuz am Waasen nach Graz [&hellip;]<\/p>\n","protected":false},"author":3,"featured_media":0,"parent":36,"menu_order":24,"comment_status":"closed","ping_status":"closed","template":"","meta":{"_acf_changed":false,"footnotes":""},"class_list":["post-56","page","type-page","status-publish","hentry"],"acf":[],"yoast_head":"<!-- This site is optimized with the Yoast SEO plugin v27.5 - https:\/\/yoast.com\/product\/yoast-seo-wordpress\/ -->\n<title>Geschichte - Weiss Busreisen<\/title>\n<meta name=\"robots\" content=\"index, follow, max-snippet:-1, max-image-preview:large, max-video-preview:-1\" \/>\n<link rel=\"canonical\" href=\"https:\/\/weiss-busreisen.at\/de\/wissenswertes\/geschichte\/\" \/>\n<meta property=\"og:locale\" content=\"de_DE\" \/>\n<meta property=\"og:type\" content=\"article\" \/>\n<meta property=\"og:title\" content=\"Geschichte - Weiss Busreisen\" \/>\n<meta property=\"og:description\" content=\"Unser Betrieb ist das Busunternehmen in der Steiermark. Gegr\u00fcndet wurde WEISS von Hans Weiss im Jahr 1927 und ist seitdem noch immer im \u201erein steirischem Besitz\u201c.Die ersten Busse des Unternehmens WEISS , welche urspr\u00fcnglich umgebaute Lastaustos waren, deren Chassis einen Busaufbau bekamen, waren im Linienverkehr von Wolfsberg im Schwarzautal \u00fcber Heiligenkreuz am Waasen nach Graz [&hellip;]\" \/>\n<meta property=\"og:url\" content=\"https:\/\/weiss-busreisen.at\/de\/wissenswertes\/geschichte\/\" \/>\n<meta property=\"og:site_name\" content=\"Weiss Busreisen\" \/>\n<meta property=\"article:modified_time\" content=\"2026-04-21T07:57:27+00:00\" \/>\n<meta name=\"twitter:card\" content=\"summary_large_image\" \/>\n<meta name=\"twitter:label1\" content=\"Gesch\u00e4tzte Lesezeit\" \/>\n\t<meta name=\"twitter:data1\" content=\"2\u00a0Minuten\" \/>\n<script type=\"application\/ld+json\" class=\"yoast-schema-graph\">{\"@context\":\"https:\\\/\\\/schema.org\",\"@graph\":[{\"@type\":\"WebPage\",\"@id\":\"https:\\\/\\\/weiss-busreisen.at\\\/de\\\/wissenswertes\\\/geschichte\\\/\",\"url\":\"https:\\\/\\\/weiss-busreisen.at\\\/de\\\/wissenswertes\\\/geschichte\\\/\",\"name\":\"Geschichte - Weiss Busreisen\",\"isPartOf\":{\"@id\":\"https:\\\/\\\/weiss-busreisen.at\\\/de\\\/#website\"},\"datePublished\":\"2021-08-02T21:54:04+00:00\",\"dateModified\":\"2026-04-21T07:57:27+00:00\",\"breadcrumb\":{\"@id\":\"https:\\\/\\\/weiss-busreisen.at\\\/de\\\/wissenswertes\\\/geschichte\\\/#breadcrumb\"},\"inLanguage\":\"de\",\"potentialAction\":[{\"@type\":\"ReadAction\",\"target\":[\"https:\\\/\\\/weiss-busreisen.at\\\/de\\\/wissenswertes\\\/geschichte\\\/\"]}]},{\"@type\":\"BreadcrumbList\",\"@id\":\"https:\\\/\\\/weiss-busreisen.at\\\/de\\\/wissenswertes\\\/geschichte\\\/#breadcrumb\",\"itemListElement\":[{\"@type\":\"ListItem\",\"position\":1,\"name\":\"Wissenswertes\",\"item\":\"https:\\\/\\\/weiss-busreisen.at\\\/de\\\/wissenswertes\\\/\"},{\"@type\":\"ListItem\",\"position\":2,\"name\":\"Geschichte\"}]},{\"@type\":\"WebSite\",\"@id\":\"https:\\\/\\\/weiss-busreisen.at\\\/de\\\/#website\",\"url\":\"https:\\\/\\\/weiss-busreisen.at\\\/de\\\/\",\"name\":\"Weiss Busreisen\",\"description\":\"\",\"potentialAction\":[{\"@type\":\"SearchAction\",\"target\":{\"@type\":\"EntryPoint\",\"urlTemplate\":\"https:\\\/\\\/weiss-busreisen.at\\\/de\\\/?s={search_term_string}\"},\"query-input\":{\"@type\":\"PropertyValueSpecification\",\"valueRequired\":true,\"valueName\":\"search_term_string\"}}],\"inLanguage\":\"de\"}]}<\/script>\n<!-- \/ Yoast SEO plugin. -->","yoast_head_json":{"title":"Geschichte - Weiss Busreisen","robots":{"index":"index","follow":"follow","max-snippet":"max-snippet:-1","max-image-preview":"max-image-preview:large","max-video-preview":"max-video-preview:-1"},"canonical":"https:\/\/weiss-busreisen.at\/de\/wissenswertes\/geschichte\/","og_locale":"de_DE","og_type":"article","og_title":"Geschichte - Weiss Busreisen","og_description":"Unser Betrieb ist das Busunternehmen in der Steiermark. Gegr\u00fcndet wurde WEISS von Hans Weiss im Jahr 1927 und ist seitdem noch immer im \u201erein steirischem Besitz\u201c.Die ersten Busse des Unternehmens WEISS , welche urspr\u00fcnglich umgebaute Lastaustos waren, deren Chassis einen Busaufbau bekamen, waren im Linienverkehr von Wolfsberg im Schwarzautal \u00fcber Heiligenkreuz am Waasen nach Graz [&hellip;]","og_url":"https:\/\/weiss-busreisen.at\/de\/wissenswertes\/geschichte\/","og_site_name":"Weiss Busreisen","article_modified_time":"2026-04-21T07:57:27+00:00","twitter_card":"summary_large_image","twitter_misc":{"Gesch\u00e4tzte Lesezeit":"2\u00a0Minuten"},"schema":{"@context":"https:\/\/schema.org","@graph":[{"@type":"WebPage","@id":"https:\/\/weiss-busreisen.at\/de\/wissenswertes\/geschichte\/","url":"https:\/\/weiss-busreisen.at\/de\/wissenswertes\/geschichte\/","name":"Geschichte - Weiss Busreisen","isPartOf":{"@id":"https:\/\/weiss-busreisen.at\/de\/#website"},"datePublished":"2021-08-02T21:54:04+00:00","dateModified":"2026-04-21T07:57:27+00:00","breadcrumb":{"@id":"https:\/\/weiss-busreisen.at\/de\/wissenswertes\/geschichte\/#breadcrumb"},"inLanguage":"de","potentialAction":[{"@type":"ReadAction","target":["https:\/\/weiss-busreisen.at\/de\/wissenswertes\/geschichte\/"]}]},{"@type":"BreadcrumbList","@id":"https:\/\/weiss-busreisen.at\/de\/wissenswertes\/geschichte\/#breadcrumb","itemListElement":[{"@type":"ListItem","position":1,"name":"Wissenswertes","item":"https:\/\/weiss-busreisen.at\/de\/wissenswertes\/"},{"@type":"ListItem","position":2,"name":"Geschichte"}]},{"@type":"WebSite","@id":"https:\/\/weiss-busreisen.at\/de\/#website","url":"https:\/\/weiss-busreisen.at\/de\/","name":"Weiss Busreisen","description":"","potentialAction":[{"@type":"SearchAction","target":{"@type":"EntryPoint","urlTemplate":"https:\/\/weiss-busreisen.at\/de\/?s={search_term_string}"},"query-input":{"@type":"PropertyValueSpecification","valueRequired":true,"valueName":"search_term_string"}}],"inLanguage":"de"}]}},"_links":{"self":[{"href":"https:\/\/weiss-busreisen.at\/de\/wp-json\/wp\/v2\/pages\/56","targetHints":{"allow":["GET"]}}],"collection":[{"href":"https:\/\/weiss-busreisen.at\/de\/wp-json\/wp\/v2\/pages"}],"about":[{"href":"https:\/\/weiss-busreisen.at\/de\/wp-json\/wp\/v2\/types\/page"}],"author":[{"embeddable":true,"href":"https:\/\/weiss-busreisen.at\/de\/wp-json\/wp\/v2\/users\/3"}],"replies":[{"embeddable":true,"href":"https:\/\/weiss-busreisen.at\/de\/wp-json\/wp\/v2\/comments?post=56"}],"version-history":[{"count":5,"href":"https:\/\/weiss-busreisen.at\/de\/wp-json\/wp\/v2\/pages\/56\/revisions"}],"predecessor-version":[{"id":8409,"href":"https:\/\/weiss-busreisen.at\/de\/wp-json\/wp\/v2\/pages\/56\/revisions\/8409"}],"up":[{"embeddable":true,"href":"https:\/\/weiss-busreisen.at\/de\/wp-json\/wp\/v2\/pages\/36"}],"wp:attachment":[{"href":"https:\/\/weiss-busreisen.at\/de\/wp-json\/wp\/v2\/media?parent=56"}],"curies":[{"name":"wp","href":"https:\/\/api.w.org\/{rel}","templated":true}]}}