{"id":7,"date":"2021-08-02T21:43:41","date_gmt":"2021-08-02T21:43:41","guid":{"rendered":"https:\/\/weiss.int.sf.loc\/?page_id=7"},"modified":"2026-04-21T08:54:18","modified_gmt":"2026-04-21T07:54:18","slug":"bus-mieten","status":"publish","type":"page","link":"https:\/\/weiss-busreisen.at\/de\/bus-mieten\/","title":{"rendered":"Bus mieten"},"content":{"rendered":"\r\n\r\n<style>\n<\/style>\n<div class=\"sf-area \" id=\"sf-area-229abb84350f62d660f4e7d4450dfaf5\" style=\"\">\n    \n\n<h2 class=\"has-text-align-center wp-block-heading\" id=\"uber-40-busse-warten-auf-sie\">\u00fcber 40 Busse warten auf sie<\/h2>\n\n\n\n<p class=\"has-text-align-center\">Unsere \u00fcber 40 Busse reichen von 9-Sitzern f\u00fcr kleinere Gruppen \u00fcber Doppeldecker mit 81 Sitzpl\u00e4tzen bis hin zu unseren luxuri\u00f6sen, offiziellen SK Sturm Graz-Bussen, welche ausgezeichnet ausger\u00fcstet sind. So bieten wir auch f\u00fcr Sie den optimalen Bus, um Sie und Ihre Gruppe sicher an Ihr Ziel zu bringen.<\/p>\n\n\n\n<hr class=\"wp-block-separator\"\/>\n\n\n    <\/div>\n\n\n\r\n\r\n<style>\n<\/style>\n<div class=\"sf-area  type-color\" id=\"sf-area-5a4f8286fc8e27d61577a74587af6913\" style=\"background: #e5e5e5\">\n    \n<div id=\"sf-vehicle-list\">\n    <a href=\"https:\/\/weiss-busreisen.at\/de\/fahrzeug\/limousine\/\">\n        <img decoding=\"async\" src=\"\"\/>\n        <div class=\"caption\">\n            <span>Limousine<\/span>\n        <\/div>\n    <\/a>\n    <a href=\"https:\/\/weiss-busreisen.at\/de\/fahrzeug\/radanhaenger\/\">\n        <img decoding=\"async\" src=\"\"\/>\n        <div class=\"caption\">\n            <span>Radanh\u00e4nger<\/span>\n        <\/div>\n    <\/a>\n    <a href=\"https:\/\/weiss-busreisen.at\/de\/fahrzeug\/sk-sturm-teambusse\/\">\n        <img decoding=\"async\" src=\"\"\/>\n        <div class=\"caption\">\n            <span>SK Sturm Teambusse<\/span>\n        <\/div>\n    <\/a>\n    <a href=\"https:\/\/weiss-busreisen.at\/de\/fahrzeug\/72-81-sitzer\/\">\n        <img decoding=\"async\" src=\"\"\/>\n        <div class=\"caption\">\n            <span>72-81 Sitzer<\/span>\n        <\/div>\n    <\/a>\n    <a href=\"https:\/\/weiss-busreisen.at\/de\/fahrzeug\/55-58-sitzer\/\">\n        <img decoding=\"async\" src=\"\"\/>\n        <div class=\"caption\">\n            <span>55-63 Sitzer<\/span>\n        <\/div>\n    <\/a>\n    <a href=\"https:\/\/weiss-busreisen.at\/de\/fahrzeug\/40-50-sitzer\/\">\n        <img decoding=\"async\" src=\"\"\/>\n        <div class=\"caption\">\n            <span>40-50 Sitzer<\/span>\n        <\/div>\n    <\/a>\n    <a href=\"https:\/\/weiss-busreisen.at\/de\/fahrzeug\/30-40-sitzer\/\">\n        <img decoding=\"async\" src=\"\"\/>\n        <div class=\"caption\">\n            <span>30-40 Sitzer<\/span>\n        <\/div>\n    <\/a>\n    <a href=\"https:\/\/weiss-busreisen.at\/de\/fahrzeug\/9-sitzer\/\">\n        <img decoding=\"async\" src=\"\"\/>\n        <div class=\"caption\">\n            <span>9-Sitzer<\/span>\n        <\/div>\n    <\/a>\n<\/div>\n\n\n    <\/div>\n\n\n\n<div style=\"height:120px\" aria-hidden=\"true\" class=\"wp-block-spacer\"><\/div>\n\n\n<style>\n#sf-area-1f86ccccdab7e195466155cdd72c32a2 h2, #sf-area-1f86ccccdab7e195466155cdd72c32a2 p {\n    color: #ffffff !important;\n}\n#sf-area-1f86ccccdab7e195466155cdd72c32a2 hr:after {\n    border-color: #ffffff !important;\n}<\/style>\n<div class=\"sf-area  type-image\" id=\"sf-area-1f86ccccdab7e195466155cdd72c32a2\" style=\"background: url(https:\/\/weiss-busreisen.at\/wp-content\/uploads\/2022\/05\/weiss_foto_02.webp)\">\n    \n\n<h2 class=\"wp-block-heading has-text-align-center\" id=\"nachhaltig-reisen\">BUS MIETEN<\/h2>\n\n\n\n<p class=\"has-text-align-center\">Bequemes Reisen ist unsere Passion! Mit jahrzehntelanger Erfahrung und dem gr\u00f6\u00dften Fuhrpark in der Steiermark ist das Busunternehmen Weiss Ihr idealer Reiseveranstalter. Sie ben\u00f6tigen einen Bus? Ob Limousine, einen 9-Sitzer Kleinbus oder Gro\u00dfe Busse, bei uns k\u00f6nnen Sie alles Mieten! Sie m\u00f6chten verreisen, haben aber keine Zeit, sich um Hotel und Co. zu k\u00fcmmern? Wir erledigen das f\u00fcr Sie \u2013 und garantieren so eine entspannte und bequeme Reise.<\/p>\n\n\n\n<hr class=\"wp-block-separator has-css-opacity\"\/>\n\n\n    <\/div>\n\n\n<div class=\"wp-block-image\">\n<figure class=\"aligncenter size-full\"><img loading=\"lazy\" decoding=\"async\" width=\"89\" height=\"72\" src=\"https:\/\/weiss-busreisen.at\/wp-content\/uploads\/2021\/09\/icon-bus.png\" alt=\"\" class=\"wp-image-1434\"\/><\/figure>\n<\/div>\n\n<style>\n<\/style>\n<div class=\"sf-area  type-color box\" id=\"sf-area-2931ddfd27c2f7ad814ad5be1219f84d\" style=\"background: #e5e5e5\">\n    \n\n<h2 class=\"wp-block-heading has-text-align-center\" id=\"hier-geht-s-zur-anfrage\"><meta http-equiv=\"content-type\" content=\"text\/html; charset=utf-8\">Hier geht&#8217;s zur anfrage <\/h2>\n\n\n\n<p class=\"has-text-align-center\"><meta http-equiv=\"content-type\" content=\"text\/html; charset=utf-8\">Sie ben\u00f6tigen einen Bus? Dann sind Sie bei uns genau richtig! Wir vermieten Ihnen gerne all unsere Busse in jeder Gr\u00f6\u00dfe (9-81 Sitzpl\u00e4tze). Einfach Formular ausf\u00fcllen und schon geht&#8217;s los!<\/p>\n\n\n\n<hr class=\"wp-block-separator has-css-opacity\"\/>\n\n\n            <div class=\"sf-form\">\n                <div class=\"success-message\">\n                    <h2>Vielen Dank!<\/h2>\n                    <p>\n                        Wir werden uns schnellstm\u00f6glich bei Ihnen melden.                    <\/p>\n                <\/div>\n\n                <form action=\"\" class=\"sf-form\" id=\"form-bus-62C28\" data-form=\"bus\">\n                    <div class=\"form-row\">\n    <div class=\"form-group-6 md-3\">\n        <label for=\"persons\">Personenanzahl*<\/label>\n        <input type=\"number\" name=\"persons\" id=\"persons\" min=\"1\" value=\"1\" required data-name=\"Personenanzahl\">\n    <\/div>\n    <div class=\"form-group-6 md-9\">\n        <label for=\"bus\">Busgr\u00f6\u00dfe<\/label>\n        <select name=\"bus\" id=\"bus\" data-name=\"Busgr\u00f6\u00dfe\">\n                            <option value=\"\">Bitte w\u00e4hlen<\/option>\n                                        <option value=\"1535\">\n                    Limousine                <\/option>\n                            <option value=\"593\">\n                    Radanh\u00e4nger                <\/option>\n                            <option value=\"581\">\n                    SK Sturm Teambusse                <\/option>\n                            <option value=\"571\">\n                    72-81 Sitzer                <\/option>\n                            <option value=\"563\">\n                    55-63 Sitzer                <\/option>\n                            <option value=\"555\">\n                    40-50 Sitzer                <\/option>\n                            <option value=\"547\">\n                    30-40 Sitzer                <\/option>\n                            <option value=\"529\">\n                    9-Sitzer                <\/option>\n                    <\/select>\n    <\/div>\n<\/div>\n<div class=\"form-row\">\n    <div class=\"form-group-6\">\n        <label for=\"departure\">Abfahrt*<\/label>\n        <input type=\"date\" name=\"departure\" id=\"departure\" required data-name=\"Abfahrt\">\n    <\/div>\n    <div class=\"form-group-6\">\n        <label for=\"departure-time\">Abfahrtszeit*<\/label>\n        <input type=\"time\" name=\"departure-time\" id=\"departure-time\" step=\"300\" required data-name=\"Abfahrtszeit\">\n    <\/div>\n<\/div>\n<div class=\"form-row\">\n    <div class=\"form-group-6\">\n        <label for=\"arrival\">Ankunft*<\/label>\n        <input type=\"date\" name=\"arrival\" id=\"arrival\" required data-name=\"Ankunft\">\n    <\/div>\n    <div class=\"form-group-6\">\n        <label for=\"arrival-time\">Ankunftszeit*<\/label>\n        <input type=\"time\" name=\"arrival-time\" id=\"arrival-time\" step=\"300\" required data-name=\"Ankunftszeit\">\n    <\/div>\n<\/div>\n<div class=\"form-row\">\n    <div class=\"form-group-6\">\n        <label for=\"departure-location\">Abfahrtsort*<\/label>\n        <input type=\"text\" name=\"departure-location\" id=\"departure-location\" required data-name=\"Abfahrtsort\">\n    <\/div>\n    <div class=\"form-group-6\">\n        <label for=\"arrival-location\">Zielort*<\/label>\n        <input type=\"text\" name=\"arrival-location\" id=\"arrival-location\" required data-name=\"Zielort\">\n    <\/div>\n<\/div>\n<div class=\"form-row\">\n    <div class=\"form-group\">\n        <label for=\"comp\">Firma\/Verein\/Schule<\/label>\n        <input type=\"text\" name=\"comp\" id=\"comp\" data-name=\"Firma\/Verein\/Schule\">\n    <\/div>\n<\/div>\n<div class=\"form-row\">\n    <div class=\"form-group-3 md-6\">\n        <label for=\"salut\">Anrede*<\/label>\n        <select name=\"salut\" id=\"salut\" data-name=\"Anrede\" required>\n            <option value=\"\">Bitte w\u00e4hlen<\/option>\n            <option value=\"m\">Herr<\/option>\n            <option value=\"f\">Frau<\/option>\n        <\/select>\n    <\/div>\n    <div class=\"form-group-3 md-6\">\n        <label for=\"title\">Titel<\/label>\n        <input type=\"text\" name=\"title\" id=\"title\" data-name=\"Titel\">\n    <\/div>\n    <div class=\"form-group-3 md-6\">\n        <label for=\"givenname\">Vorname*<\/label>\n        <input type=\"text\" name=\"givenname\" id=\"givenname\" required data-name=\"Vorname\">\n    <\/div>\n    <div class=\"form-group-3 md-6\">\n        <label for=\"surname\">Nachname*<\/label>\n        <input type=\"text\" name=\"surname\" id=\"surname\" required data-name=\"Nachname\">\n    <\/div>\n<\/div>\n<div class=\"form-row\">\n    <div class=\"form-group\">\n        <label for=\"street\">Stra\u00dfe*<\/label>\n        <input type=\"text\" name=\"street\" id=\"street\" required data-name=\"Stra\u00dfe\">\n    <\/div>\n<\/div>\n<div class=\"form-row\">\n    <div class=\"form-group-2\">\n        <label for=\"zip\">PLZ*<\/label>\n        <input type=\"text\" name=\"zip\" id=\"zip\" required data-name=\"PLZ\">\n    <\/div>\n    <div class=\"form-group-10\">\n        <label for=\"village\">Ort*<\/label>\n        <input type=\"text\" name=\"village\" id=\"village\" required data-name=\"Ort\">\n    <\/div>\n<\/div>\n<div class=\"form-row\">\n    <div class=\"form-group-6\">\n        <label for=\"phone\">Telefon*<\/label>\n        <input type=\"tel\" name=\"phone\" id=\"phone\" required data-name=\"Telefon\">\n    <\/div>\n    <div class=\"form-group-6\">\n        <label for=\"email\">E-Mail*<\/label>\n        <input type=\"email\" name=\"email\" id=\"email\" required data-name=\"E-Mail\">\n    <\/div>\n<\/div>\n<div class=\"form-row\">\n    <div class=\"form-group\">\n        <label for=\"notes\">Anmerkungen\/Infos<\/label>\n        <textarea name=\"notes\" id=\"notes\" rows=\"8\" data-name=\"Anmerkungen\/Infos\"><\/textarea>\n    <\/div>\n<\/div>\n<div class=\"form-row\">\n    <div class=\"form-group\">\n        <input type=\"checkbox\" name=\"callback\" id=\"callback\" data-name=\"Bitte um R\u00fcckruf\">\n        <label for=\"callback\">Bitte um R\u00fcckruf<\/label>\n        <div class=\"mandatory-note\">*PFLICHTFELDER<\/div>\n    <\/div>\n<\/div>\n\n                    <div class=\"form-row\">\n                        <div class=\"form-group\">\n                            <input type=\"checkbox\" name=\"gdpr\" id=\"gdpr\" data-name=\"Datenschutz best\u00e4tigt\" required>\n                            <label for=\"gdpr\" style=\"font-size: 12px\">*Ich erkl\u00e4re mich einverstanden, dass meine eingegebenen Daten verwendet und gespeichert werden. Diese werden nicht an Dritte weitergegeben. Weitere Informationen finden Sie in der <a href=\"https:\/\/weiss-busreisen.at\/de\/bus-mieten\/\">Datenschutzerkl\u00e4rung<\/a><\/label>\n                        <\/div>\n                    <\/div>\n\n                    <button type=\"submit\" class=\"sf-button sf-button-black sf-button-block\">\n                        Anfrage abschicken                        <i class=\"fa fa-chevron-right\"><\/i>\n                        <i class=\"fa fa-spinner fa-spin\"><\/i>\n                    <\/button>\n                <\/form>\n            <\/div>\n            \n\n    <\/div>\n","protected":false},"excerpt":{"rendered":"","protected":false},"author":3,"featured_media":0,"parent":0,"menu_order":5,"comment_status":"closed","ping_status":"closed","template":"","meta":{"_acf_changed":false,"footnotes":""},"class_list":["post-7","page","type-page","status-publish","hentry"],"acf":[],"yoast_head":"<!-- This site is optimized with the Yoast SEO plugin v27.5 - https:\/\/yoast.com\/product\/yoast-seo-wordpress\/ -->\n<title>Bus mieten - Weiss Busreisen<\/title>\n<meta name=\"description\" content=\"Sie wollen einen Bus mieten? Egal ob Kleinbus, Limousine oder die verschiedensten gro\u00dfen Busse bis zu 60 Personen. Wir haben sie alle!\" \/>\n<meta name=\"robots\" content=\"index, follow, max-snippet:-1, max-image-preview:large, max-video-preview:-1\" \/>\n<link rel=\"canonical\" href=\"https:\/\/weiss-busreisen.at\/de\/bus-mieten\/\" \/>\n<meta property=\"og:locale\" content=\"de_DE\" \/>\n<meta property=\"og:type\" content=\"article\" \/>\n<meta property=\"og:title\" content=\"Bus mieten - Weiss Busreisen\" \/>\n<meta property=\"og:description\" content=\"Sie wollen einen Bus mieten? Egal ob Kleinbus, Limousine oder die verschiedensten gro\u00dfen Busse bis zu 60 Personen. Wir haben sie alle!\" \/>\n<meta property=\"og:url\" content=\"https:\/\/weiss-busreisen.at\/de\/bus-mieten\/\" \/>\n<meta property=\"og:site_name\" content=\"Weiss Busreisen\" \/>\n<meta property=\"article:modified_time\" content=\"2026-04-21T07:54:18+00:00\" \/>\n<meta property=\"og:image\" content=\"https:\/\/weiss-busreisen.at\/wp-content\/uploads\/2021\/09\/icon-bus.png\" \/>\n\t<meta property=\"og:image:width\" content=\"89\" \/>\n\t<meta property=\"og:image:height\" content=\"72\" \/>\n\t<meta property=\"og:image:type\" content=\"image\/png\" \/>\n<meta name=\"twitter:card\" content=\"summary_large_image\" \/>\n<meta name=\"twitter:label1\" content=\"Gesch\u00e4tzte Lesezeit\" \/>\n\t<meta name=\"twitter:data1\" content=\"3\u00a0Minuten\" \/>\n<script type=\"application\/ld+json\" class=\"yoast-schema-graph\">{\"@context\":\"https:\\\/\\\/schema.org\",\"@graph\":[{\"@type\":\"WebPage\",\"@id\":\"https:\\\/\\\/weiss-busreisen.at\\\/de\\\/bus-mieten\\\/\",\"url\":\"https:\\\/\\\/weiss-busreisen.at\\\/de\\\/bus-mieten\\\/\",\"name\":\"Bus mieten - Weiss Busreisen\",\"isPartOf\":{\"@id\":\"https:\\\/\\\/weiss-busreisen.at\\\/de\\\/#website\"},\"primaryImageOfPage\":{\"@id\":\"https:\\\/\\\/weiss-busreisen.at\\\/de\\\/bus-mieten\\\/#primaryimage\"},\"image\":{\"@id\":\"https:\\\/\\\/weiss-busreisen.at\\\/de\\\/bus-mieten\\\/#primaryimage\"},\"thumbnailUrl\":\"https:\\\/\\\/weiss-busreisen.at\\\/wp-content\\\/uploads\\\/2021\\\/09\\\/icon-bus.png\",\"datePublished\":\"2021-08-02T21:43:41+00:00\",\"dateModified\":\"2026-04-21T07:54:18+00:00\",\"description\":\"Sie wollen einen Bus mieten? Egal ob Kleinbus, Limousine oder die verschiedensten gro\u00dfen Busse bis zu 60 Personen. Wir haben sie alle!\",\"inLanguage\":\"de\",\"potentialAction\":[{\"@type\":\"ReadAction\",\"target\":[\"https:\\\/\\\/weiss-busreisen.at\\\/de\\\/bus-mieten\\\/\"]}]},{\"@type\":\"ImageObject\",\"inLanguage\":\"de\",\"@id\":\"https:\\\/\\\/weiss-busreisen.at\\\/de\\\/bus-mieten\\\/#primaryimage\",\"url\":\"https:\\\/\\\/weiss-busreisen.at\\\/wp-content\\\/uploads\\\/2021\\\/09\\\/icon-bus.png\",\"contentUrl\":\"https:\\\/\\\/weiss-busreisen.at\\\/wp-content\\\/uploads\\\/2021\\\/09\\\/icon-bus.png\"},{\"@type\":\"WebSite\",\"@id\":\"https:\\\/\\\/weiss-busreisen.at\\\/de\\\/#website\",\"url\":\"https:\\\/\\\/weiss-busreisen.at\\\/de\\\/\",\"name\":\"Weiss Busreisen\",\"description\":\"\",\"potentialAction\":[{\"@type\":\"SearchAction\",\"target\":{\"@type\":\"EntryPoint\",\"urlTemplate\":\"https:\\\/\\\/weiss-busreisen.at\\\/de\\\/?s={search_term_string}\"},\"query-input\":{\"@type\":\"PropertyValueSpecification\",\"valueRequired\":true,\"valueName\":\"search_term_string\"}}],\"inLanguage\":\"de\"}]}<\/script>\n<!-- \/ Yoast SEO plugin. -->","yoast_head_json":{"title":"Bus mieten - Weiss Busreisen","description":"Sie wollen einen Bus mieten? Egal ob Kleinbus, Limousine oder die verschiedensten gro\u00dfen Busse bis zu 60 Personen. Wir haben sie alle!","robots":{"index":"index","follow":"follow","max-snippet":"max-snippet:-1","max-image-preview":"max-image-preview:large","max-video-preview":"max-video-preview:-1"},"canonical":"https:\/\/weiss-busreisen.at\/de\/bus-mieten\/","og_locale":"de_DE","og_type":"article","og_title":"Bus mieten - Weiss Busreisen","og_description":"Sie wollen einen Bus mieten? Egal ob Kleinbus, Limousine oder die verschiedensten gro\u00dfen Busse bis zu 60 Personen. Wir haben sie alle!","og_url":"https:\/\/weiss-busreisen.at\/de\/bus-mieten\/","og_site_name":"Weiss Busreisen","article_modified_time":"2026-04-21T07:54:18+00:00","og_image":[{"width":89,"height":72,"url":"https:\/\/weiss-busreisen.at\/wp-content\/uploads\/2021\/09\/icon-bus.png","type":"image\/png"}],"twitter_card":"summary_large_image","twitter_misc":{"Gesch\u00e4tzte Lesezeit":"3\u00a0Minuten"},"schema":{"@context":"https:\/\/schema.org","@graph":[{"@type":"WebPage","@id":"https:\/\/weiss-busreisen.at\/de\/bus-mieten\/","url":"https:\/\/weiss-busreisen.at\/de\/bus-mieten\/","name":"Bus mieten - Weiss Busreisen","isPartOf":{"@id":"https:\/\/weiss-busreisen.at\/de\/#website"},"primaryImageOfPage":{"@id":"https:\/\/weiss-busreisen.at\/de\/bus-mieten\/#primaryimage"},"image":{"@id":"https:\/\/weiss-busreisen.at\/de\/bus-mieten\/#primaryimage"},"thumbnailUrl":"https:\/\/weiss-busreisen.at\/wp-content\/uploads\/2021\/09\/icon-bus.png","datePublished":"2021-08-02T21:43:41+00:00","dateModified":"2026-04-21T07:54:18+00:00","description":"Sie wollen einen Bus mieten? Egal ob Kleinbus, Limousine oder die verschiedensten gro\u00dfen Busse bis zu 60 Personen. Wir haben sie alle!","inLanguage":"de","potentialAction":[{"@type":"ReadAction","target":["https:\/\/weiss-busreisen.at\/de\/bus-mieten\/"]}]},{"@type":"ImageObject","inLanguage":"de","@id":"https:\/\/weiss-busreisen.at\/de\/bus-mieten\/#primaryimage","url":"https:\/\/weiss-busreisen.at\/wp-content\/uploads\/2021\/09\/icon-bus.png","contentUrl":"https:\/\/weiss-busreisen.at\/wp-content\/uploads\/2021\/09\/icon-bus.png"},{"@type":"WebSite","@id":"https:\/\/weiss-busreisen.at\/de\/#website","url":"https:\/\/weiss-busreisen.at\/de\/","name":"Weiss Busreisen","description":"","potentialAction":[{"@type":"SearchAction","target":{"@type":"EntryPoint","urlTemplate":"https:\/\/weiss-busreisen.at\/de\/?s={search_term_string}"},"query-input":{"@type":"PropertyValueSpecification","valueRequired":true,"valueName":"search_term_string"}}],"inLanguage":"de"}]}},"_links":{"self":[{"href":"https:\/\/weiss-busreisen.at\/de\/wp-json\/wp\/v2\/pages\/7","targetHints":{"allow":["GET"]}}],"collection":[{"href":"https:\/\/weiss-busreisen.at\/de\/wp-json\/wp\/v2\/pages"}],"about":[{"href":"https:\/\/weiss-busreisen.at\/de\/wp-json\/wp\/v2\/types\/page"}],"author":[{"embeddable":true,"href":"https:\/\/weiss-busreisen.at\/de\/wp-json\/wp\/v2\/users\/3"}],"replies":[{"embeddable":true,"href":"https:\/\/weiss-busreisen.at\/de\/wp-json\/wp\/v2\/comments?post=7"}],"version-history":[{"count":5,"href":"https:\/\/weiss-busreisen.at\/de\/wp-json\/wp\/v2\/pages\/7\/revisions"}],"predecessor-version":[{"id":8398,"href":"https:\/\/weiss-busreisen.at\/de\/wp-json\/wp\/v2\/pages\/7\/revisions\/8398"}],"wp:attachment":[{"href":"https:\/\/weiss-busreisen.at\/de\/wp-json\/wp\/v2\/media?parent=7"}],"curies":[{"name":"wp","href":"https:\/\/api.w.org\/{rel}","templated":true}]}}