{"id":84,"date":"2021-08-02T22:22:26","date_gmt":"2021-08-02T22:22:26","guid":{"rendered":"https:\/\/weiss.int.sf.loc\/?page_id=84"},"modified":"2026-04-03T18:12:54","modified_gmt":"2026-04-03T17:12:54","slug":"busreisen","status":"publish","type":"page","link":"https:\/\/weiss-busreisen.at\/de\/","title":{"rendered":"Startseite"},"content":{"rendered":"<style>\n<\/style>\n<div class=\"sf-area \" id=\"sf-area-e85eee961db8624264bfef0125899ee6\" style=\"\">\n    \n\n<h2 class=\"wp-block-heading has-text-align-center\" id=\"hallo-bei-weiss-busreisen\">Hallo bei Weiss Busreisen<\/h2>\n\n\n\n<p class=\"has-text-align-center\">Herzlich willkommen auf unserer Homepage! Wir sind Ihr idealer Partner f\u00fcr Ihre Busreise. Wir verf\u00fcgen \u00fcber einen TOP-modernen Fuhrpark und haben jede Busgr\u00f6\u00dfe (9-Sitzer, 30-50er, 55-61er sowie 72-79er) mehrfach verf\u00fcgbar.<\/p>\n\n\n\n<p>Bei Weiss Busreisen k\u00f6nnen Sie nicht nur die Fahrt zu Ihrem Ziel buchen, wir erledigen auch den Rest f\u00fcr Sie. Egal, ob Unterkunft f\u00fcr Ihren Verein, Museums-Tickets f\u00fcr Ihre Schulklasse oder Ski-Karten f\u00fcr Ihre Freundesrunde: Sagen Sie uns, was Sie brauchen und wir k\u00fcmmern uns darum!<\/p>\n\n\n\n<p>Unsere Website wird gerade \u00fcberarbeitet. Wir sind bald wieder f\u00fcr Sie wie gewohnt erreichbar!<\/p>\n\n\n\n<p class=\"has-text-align-center\">Anfragen bitte senden an:&nbsp;<a href=\"mailto:office@weiss-busreisen.at\">office@weiss-busreisen.at<\/a><\/p>\n\n\n\n<hr class=\"wp-block-separator has-css-opacity\"\/>\n\n\n    <\/div>\n","protected":false},"excerpt":{"rendered":"","protected":false},"author":3,"featured_media":0,"parent":0,"menu_order":29,"comment_status":"closed","ping_status":"closed","template":"","meta":{"_acf_changed":false,"footnotes":""},"class_list":["post-84","page","type-page","status-publish","hentry"],"acf":[],"yoast_head":"<!-- This site is optimized with the Yoast SEO plugin v27.3 - https:\/\/yoast.com\/product\/yoast-seo-wordpress\/ -->\n<title>Weiss Busreisen - Online buchen leicht gemacht!<\/title>\n<meta name=\"description\" content=\"Einzigartige Reise-Pakete, damit Sie sich um nichts mehr k\u00fcmmern m\u00fcssen? Wir von Weiss Bussreisen haben auch f\u00fcr Sie die perfekte Reise parat!\" \/>\n<meta name=\"robots\" content=\"index, follow, max-snippet:-1, max-image-preview:large, max-video-preview:-1\" \/>\n<link rel=\"canonical\" href=\"https:\/\/weiss-busreisen.at\/de\/\" \/>\n<meta property=\"og:locale\" content=\"de_DE\" \/>\n<meta property=\"og:type\" content=\"article\" \/>\n<meta property=\"og:title\" content=\"Weiss Busreisen - Online buchen leicht gemacht!\" \/>\n<meta property=\"og:description\" content=\"Einzigartige Reise-Pakete, damit Sie sich um nichts mehr k\u00fcmmern m\u00fcssen? Wir von Weiss Bussreisen haben auch f\u00fcr Sie die perfekte Reise parat!\" \/>\n<meta property=\"og:url\" content=\"https:\/\/weiss-busreisen.at\/de\/\" \/>\n<meta property=\"og:site_name\" content=\"Weiss Busreisen\" \/>\n<meta property=\"article:modified_time\" content=\"2026-04-03T17:12:54+00:00\" \/>\n<meta name=\"twitter:card\" content=\"summary_large_image\" \/>\n<meta name=\"twitter:label1\" content=\"Gesch\u00e4tzte Lesezeit\" \/>\n\t<meta name=\"twitter:data1\" content=\"1\u00a0Minute\" \/>\n<script type=\"application\/ld+json\" class=\"yoast-schema-graph\">{\"@context\":\"https:\\\/\\\/schema.org\",\"@graph\":[{\"@type\":\"WebPage\",\"@id\":\"https:\\\/\\\/weiss-busreisen.at\\\/de\\\/\",\"url\":\"https:\\\/\\\/weiss-busreisen.at\\\/de\\\/\",\"name\":\"Weiss Busreisen - Online buchen leicht gemacht!\",\"isPartOf\":{\"@id\":\"https:\\\/\\\/weiss-busreisen.at\\\/de\\\/#website\"},\"datePublished\":\"2021-08-02T22:22:26+00:00\",\"dateModified\":\"2026-04-03T17:12:54+00:00\",\"description\":\"Einzigartige Reise-Pakete, damit Sie sich um nichts mehr k\u00fcmmern m\u00fcssen? Wir von Weiss Bussreisen haben auch f\u00fcr Sie die perfekte Reise parat!\",\"inLanguage\":\"de\",\"potentialAction\":[{\"@type\":\"ReadAction\",\"target\":[\"https:\\\/\\\/weiss-busreisen.at\\\/de\\\/\"]}]},{\"@type\":\"WebSite\",\"@id\":\"https:\\\/\\\/weiss-busreisen.at\\\/de\\\/#website\",\"url\":\"https:\\\/\\\/weiss-busreisen.at\\\/de\\\/\",\"name\":\"Weiss Busreisen\",\"description\":\"\",\"potentialAction\":[{\"@type\":\"SearchAction\",\"target\":{\"@type\":\"EntryPoint\",\"urlTemplate\":\"https:\\\/\\\/weiss-busreisen.at\\\/de\\\/?s={search_term_string}\"},\"query-input\":{\"@type\":\"PropertyValueSpecification\",\"valueRequired\":true,\"valueName\":\"search_term_string\"}}],\"inLanguage\":\"de\"}]}<\/script>\n<!-- \/ Yoast SEO plugin. -->","yoast_head_json":{"title":"Weiss Busreisen - Online buchen leicht gemacht!","description":"Einzigartige Reise-Pakete, damit Sie sich um nichts mehr k\u00fcmmern m\u00fcssen? Wir von Weiss Bussreisen haben auch f\u00fcr Sie die perfekte Reise parat!","robots":{"index":"index","follow":"follow","max-snippet":"max-snippet:-1","max-image-preview":"max-image-preview:large","max-video-preview":"max-video-preview:-1"},"canonical":"https:\/\/weiss-busreisen.at\/de\/","og_locale":"de_DE","og_type":"article","og_title":"Weiss Busreisen - Online buchen leicht gemacht!","og_description":"Einzigartige Reise-Pakete, damit Sie sich um nichts mehr k\u00fcmmern m\u00fcssen? Wir von Weiss Bussreisen haben auch f\u00fcr Sie die perfekte Reise parat!","og_url":"https:\/\/weiss-busreisen.at\/de\/","og_site_name":"Weiss Busreisen","article_modified_time":"2026-04-03T17:12:54+00:00","twitter_card":"summary_large_image","twitter_misc":{"Gesch\u00e4tzte Lesezeit":"1\u00a0Minute"},"schema":{"@context":"https:\/\/schema.org","@graph":[{"@type":"WebPage","@id":"https:\/\/weiss-busreisen.at\/de\/","url":"https:\/\/weiss-busreisen.at\/de\/","name":"Weiss Busreisen - Online buchen leicht gemacht!","isPartOf":{"@id":"https:\/\/weiss-busreisen.at\/de\/#website"},"datePublished":"2021-08-02T22:22:26+00:00","dateModified":"2026-04-03T17:12:54+00:00","description":"Einzigartige Reise-Pakete, damit Sie sich um nichts mehr k\u00fcmmern m\u00fcssen? Wir von Weiss Bussreisen haben auch f\u00fcr Sie die perfekte Reise parat!","inLanguage":"de","potentialAction":[{"@type":"ReadAction","target":["https:\/\/weiss-busreisen.at\/de\/"]}]},{"@type":"WebSite","@id":"https:\/\/weiss-busreisen.at\/de\/#website","url":"https:\/\/weiss-busreisen.at\/de\/","name":"Weiss Busreisen","description":"","potentialAction":[{"@type":"SearchAction","target":{"@type":"EntryPoint","urlTemplate":"https:\/\/weiss-busreisen.at\/de\/?s={search_term_string}"},"query-input":{"@type":"PropertyValueSpecification","valueRequired":true,"valueName":"search_term_string"}}],"inLanguage":"de"}]}},"_links":{"self":[{"href":"https:\/\/weiss-busreisen.at\/de\/wp-json\/wp\/v2\/pages\/84","targetHints":{"allow":["GET"]}}],"collection":[{"href":"https:\/\/weiss-busreisen.at\/de\/wp-json\/wp\/v2\/pages"}],"about":[{"href":"https:\/\/weiss-busreisen.at\/de\/wp-json\/wp\/v2\/types\/page"}],"author":[{"embeddable":true,"href":"https:\/\/weiss-busreisen.at\/de\/wp-json\/wp\/v2\/users\/3"}],"replies":[{"embeddable":true,"href":"https:\/\/weiss-busreisen.at\/de\/wp-json\/wp\/v2\/comments?post=84"}],"version-history":[{"count":148,"href":"https:\/\/weiss-busreisen.at\/de\/wp-json\/wp\/v2\/pages\/84\/revisions"}],"predecessor-version":[{"id":8392,"href":"https:\/\/weiss-busreisen.at\/de\/wp-json\/wp\/v2\/pages\/84\/revisions\/8392"}],"wp:attachment":[{"href":"https:\/\/weiss-busreisen.at\/de\/wp-json\/wp\/v2\/media?parent=84"}],"curies":[{"name":"wp","href":"https:\/\/api.w.org\/{rel}","templated":true}]}}